{"id":1788,"date":"2020-11-23T10:35:06","date_gmt":"2020-11-23T09:35:06","guid":{"rendered":"http:\/\/clipp2.es\/erasmus\/proyectos-de-acogida\/"},"modified":"2024-10-11T14:18:45","modified_gmt":"2024-10-11T12:18:45","slug":"bienvenue-aux-projets","status":"publish","type":"page","link":"https:\/\/www.sopenasevilla.org\/fr\/erasmus\/bienvenue-aux-projets\/","title":{"rendered":"BIENVENUE AUX PROJETS"},"content":{"rendered":"\n<style type=\"text\/css\" data-created_by=\"avia_inline_auto\" id=\"style-css-av-khuhgnnx-e9b08b0e81663a1af16047fba5394397\">\n.avia-section.av-khuhgnnx-e9b08b0e81663a1af16047fba5394397{\nbackground-color:#00bae9;\nbackground-image:url(https:\/\/www.sopenasevilla.org\/wp-content\/uploads\/2020\/11\/erasmus-une-personas.jpg);\nbackground-repeat:no-repeat;\nbackground-position:50% 0%;\nbackground-attachment:scroll;\n}\n.avia-section.av-khuhgnnx-e9b08b0e81663a1af16047fba5394397 .av-section-color-overlay{\nopacity:0.1;\nbackground-color:#ffffff;\n}\n<\/style>\n<div id='av_section_1'  class='avia-section av-khuhgnnx-e9b08b0e81663a1af16047fba5394397 main_color avia-section-default avia-no-border-styling  avia-builder-el-0  el_before_av_slideshow_full  avia-builder-el-first  av-small-hide av-mini-hide avia-bg-style-scroll av-section-color-overlay-active av-minimum-height av-minimum-height-65 av-height-percent  container_wrap sidebar_right'  data-section-bg-repeat='no-repeat' data-av_minimum_height_pc='65' data-av_min_height_opt='percent'><div class=\"av-section-color-overlay-wrap\"><div class=\"av-section-color-overlay\"><\/div><div class='container av-section-cont-open' ><main  role=\"main\" itemprop=\"mainContentOfPage\"  class='template-page content  av-content-small alpha units'><div class='post-entry post-entry-type-page post-entry-1788'><div class='entry-content-wrapper clearfix'>\n<\/div><\/div><\/main><!-- close content main element --><\/div><\/div><\/div><div id='full_slider_1'  class='avia-fullwidth-slider main_color avia-shadow av-desktop-hide av-medium-hide  avia-builder-el-1  el_after_av_section  el_before_av_section   slider-not-first container_wrap sidebar_right'  ><div  class='avia-slideshow av-khrsbt03-7111035ac8d780db4ff2f234aee1ba62 avia-slideshow-no scaling av_slideshow_full avia-slide-slider av-desktop-hide av-medium-hide av-slideshow-ui av-control-default av-slideshow-manual av-loop-once av-loop-manual-endless av-default-height-applied  image_no_stretch avia-slideshow-1' data-slideshow-options=\"{&quot;animation&quot;:&quot;slide&quot;,&quot;autoplay&quot;:false,&quot;loop_autoplay&quot;:&quot;once&quot;,&quot;interval&quot;:5,&quot;loop_manual&quot;:&quot;manual-endless&quot;,&quot;autoplay_stopper&quot;:false,&quot;noNavigation&quot;:false,&quot;bg_slider&quot;:false,&quot;keep_padding&quot;:false,&quot;hoverpause&quot;:false,&quot;show_slide_delay&quot;:0}\"  itemprop=\"image\" itemscope=\"itemscope\" itemtype=\"https:\/\/schema.org\/ImageObject\" ><ul class='avia-slideshow-inner ' style='padding-bottom: 50.1%;'><li  class='avia-slideshow-slide av-khrsbt03-7111035ac8d780db4ff2f234aee1ba62__0  av-single-slide slide-1 slide-odd'><div data-rel='slideshow-1' class='avia-slide-wrap '   ><img decoding=\"async\" fetchpriority=\"high\" class=\"wp-image-1840 avia-img-lazy-loading-not-1840\"  src=\"https:\/\/www.sopenasevilla.org\/wp-content\/uploads\/2020\/11\/erasmus-une-personas.jpg\" width=\"1000\" height=\"501\" title='erasmus-une-personas' alt='erasmus une personas'  itemprop=\"thumbnailUrl\" srcset=\"https:\/\/www.sopenasevilla.org\/wp-content\/uploads\/2020\/11\/erasmus-une-personas.jpg 1000w, https:\/\/www.sopenasevilla.org\/wp-content\/uploads\/2020\/11\/erasmus-une-personas-300x150.jpg 300w, https:\/\/www.sopenasevilla.org\/wp-content\/uploads\/2020\/11\/erasmus-une-personas-768x385.jpg 768w, https:\/\/www.sopenasevilla.org\/wp-content\/uploads\/2020\/11\/erasmus-une-personas-705x353.jpg 705w\" sizes=\"(max-width: 1000px) 100vw, 1000px\" \/><\/div><\/li><\/ul><\/div><\/div>\n<div id='av_section_2'  class='avia-section av-jqkc0-8d865697b998d5befcc04ce04c2383fb main_color avia-section-small avia-no-border-styling  avia-builder-el-2  el_after_av_slideshow_full  avia-builder-el-last  avia-bg-style-scroll container_wrap sidebar_right'  ><div class='container av-section-cont-open' ><div class='template-page content  av-content-small alpha units'><div class='post-entry post-entry-type-page post-entry-1788'><div class='entry-content-wrapper clearfix'>\n<div class='flex_column_table av-j8cs0-6379c6636eaa2dbf0b52155351770963 sc-av_one_full av-equal-height-column-flextable'>\n<style type=\"text\/css\" data-created_by=\"avia_inline_auto\" id=\"style-css-av-j8cs0-6379c6636eaa2dbf0b52155351770963\">\n#top .flex_column_table.av-equal-height-column-flextable.av-j8cs0-6379c6636eaa2dbf0b52155351770963{\nmargin-top:-30px;\nmargin-bottom:0px;\n}\n.flex_column.av-j8cs0-6379c6636eaa2dbf0b52155351770963{\nborder-radius:0px 0px 0px 0px;\npadding:30px 30px 30px 30px;\nbackground-color:#ffffff;\n}\n<\/style>\n<div  class='flex_column av-j8cs0-6379c6636eaa2dbf0b52155351770963 av_one_full  avia-builder-el-3  avia-builder-el-no-sibling  first no_margin flex_column_table_cell av-equal-height-column av-align-top  '     ><p>\n<style type=\"text\/css\" data-created_by=\"avia_inline_auto\" id=\"style-css-av-ibqh0-11ca75317e069a88e3e7486f49b52ab0\">\n#top .hr.hr-invisible.av-ibqh0-11ca75317e069a88e3e7486f49b52ab0{\nmargin-top:-30px;\nheight:1px;\n}\n<\/style>\n<div  class='hr av-ibqh0-11ca75317e069a88e3e7486f49b52ab0 hr-invisible  avia-builder-el-4  el_before_av_heading  avia-builder-el-first '><span class='hr-inner '><span class=\"hr-inner-style\"><\/span><\/span><\/div><br \/>\n\n<style type=\"text\/css\" data-created_by=\"avia_inline_auto\" id=\"style-css-av-kluvfpls-2e316ca2e876edb19bfe3198b680985d\">\n#top .av-special-heading.av-kluvfpls-2e316ca2e876edb19bfe3198b680985d{\npadding-bottom:0;\n}\nbody .av-special-heading.av-kluvfpls-2e316ca2e876edb19bfe3198b680985d .av-special-heading-tag .heading-char{\nfont-size:25px;\n}\n.av-special-heading.av-kluvfpls-2e316ca2e876edb19bfe3198b680985d .av-subheading{\nfont-size:15px;\n}\n\n@media only screen and (max-width: 479px){ \n#top #wrap_all .av-special-heading.av-kluvfpls-2e316ca2e876edb19bfe3198b680985d .av-special-heading-tag{\nfont-size:30px;\n}\n}\n<\/style>\n<div  class='av-special-heading av-kluvfpls-2e316ca2e876edb19bfe3198b680985d av-special-heading-h1 blockquote modern-quote modern-centered  avia-builder-el-5  el_after_av_hr  el_before_av_textblock '><h1 class='av-special-heading-tag '  itemprop=\"headline\"  >BIENVENUE AUX PROJETS<\/h1><div class=\"special-heading-border\"><div class=\"special-heading-inner-border\"><\/div><\/div><\/div><br \/>\n<section  class='av_textblock_section av-e9wh0-5bf1ae5239c61f85fd970d450a1758de '   itemscope=\"itemscope\" itemtype=\"https:\/\/schema.org\/CreativeWork\" ><div class='avia_textblock'  itemprop=\"text\" ><p style=\"text-align: center;\"><span style=\"color: #ee7402; font-size: 18pt;\">\u2756<\/span><\/p>\n<\/div><\/section><br \/>\n<section  class='av_textblock_section av-1q49w-b4529893da04dbe0ff2954cd3de808e9 '   itemscope=\"itemscope\" itemtype=\"https:\/\/schema.org\/CreativeWork\" ><div class='avia_textblock'  itemprop=\"text\" ><p>Somos centros que acogen, que abren sus puertas a alumnado y profesorado de otros centros y pa\u00edses, trabajamos con otros centros europeos y acogemos alumnado para realizar cursos de especializaci\u00f3n y\u00a0<em>pr\u00e1cticas en empresas sevillanas<\/em>.<\/p>\n<p><strong>\u00bfQuieres ser Centro asociado nuestro?<\/strong>\u00a0Participa en hacer m\u00e1s grande nuestra red europea de centros colaboradores y empecemos a crear proyectos juntos.<\/p>\n<\/div><\/section><\/p><\/div><\/div><!--close column table wrapper. Autoclose: 1 --><\/div><\/div><\/div><!-- close content main div --><\/div><\/div><div id='after_section_2'  class='main_color av_default_container_wrap container_wrap sidebar_right'  ><div class='container av-section-cont-open' ><div class='template-page content  av-content-small alpha units'><div class='post-entry post-entry-type-page post-entry-1788'><div class='entry-content-wrapper clearfix'>\n","protected":false},"excerpt":{"rendered":"","protected":false},"author":1,"featured_media":0,"parent":1778,"menu_order":0,"comment_status":"closed","ping_status":"closed","template":"","meta":{"footnotes":""},"class_list":["post-1788","page","type-page","status-publish","hentry"],"yoast_head":"<!-- This site is optimized with the Yoast SEO Premium plugin v27.3 (Yoast SEO v27.3) - https:\/\/yoast.com\/product\/yoast-seo-premium-wordpress\/ -->\n<title>Projets d&#039;accueil Erasmus | Fondation Sope\u00f1a<\/title>\n<meta name=\"description\" content=\"Nous sommes des centres qui accueillent, qui ouvrent leurs portes aux \u00e9tudiants et enseignants d&#039;autres centres et pays, nous travaillons avec d&#039;autres centres europ\u00e9ens et nous accueillons des \u00e9tudiants pour suivre des cours de sp\u00e9cialisation et des stages dans des entreprises s\u00e9villanes.\" \/>\n<meta name=\"robots\" content=\"index, follow, max-snippet:-1, max-image-preview:large, max-video-preview:-1\" \/>\n<link rel=\"canonical\" href=\"https:\/\/www.sopenasevilla.org\/fr\/erasmus\/bienvenue-aux-projets\/\" \/>\n<meta property=\"og:locale\" content=\"fr_FR\" \/>\n<meta property=\"og:type\" content=\"article\" \/>\n<meta property=\"og:title\" content=\"BIENVENUE AUX PROJETS\" \/>\n<meta property=\"og:description\" content=\"Nous sommes des centres qui accueillent, qui ouvrent leurs portes aux \u00e9tudiants et enseignants d&#039;autres centres et pays, nous travaillons avec d&#039;autres centres europ\u00e9ens et nous accueillons des \u00e9tudiants pour suivre des cours de sp\u00e9cialisation et des stages dans des entreprises s\u00e9villanes.\" \/>\n<meta property=\"og:url\" content=\"https:\/\/www.sopenasevilla.org\/fr\/erasmus\/bienvenue-aux-projets\/\" \/>\n<meta property=\"og:site_name\" content=\"Centre de formation professionnelle de S\u00e9ville\" \/>\n<meta property=\"article:publisher\" content=\"https:\/\/www.facebook.com\/sopenasevilla\/\" \/>\n<meta property=\"article:modified_time\" content=\"2024-10-11T12:18:45+00:00\" \/>\n<meta property=\"og:image\" content=\"https:\/\/www.sopenasevilla.org\/wp-content\/uploads\/2021\/02\/fundacion-dolores-sopena.jpg\" \/>\n\t<meta property=\"og:image:width\" content=\"850\" \/>\n\t<meta property=\"og:image:height\" content=\"478\" \/>\n\t<meta property=\"og:image:type\" content=\"image\/jpeg\" \/>\n<meta name=\"twitter:card\" content=\"summary_large_image\" \/>\n<meta name=\"twitter:site\" content=\"@SopenaSevilla\" \/>\n<script type=\"application\/ld+json\" class=\"yoast-schema-graph\">{\"@context\":\"https:\\\/\\\/schema.org\",\"@graph\":[{\"@type\":\"WebPage\",\"@id\":\"https:\\\/\\\/www.sopenasevilla.org\\\/fr\\\/erasmus\\\/bienvenue-aux-projets\\\/\",\"url\":\"https:\\\/\\\/www.sopenasevilla.org\\\/fr\\\/erasmus\\\/bienvenue-aux-projets\\\/\",\"name\":\"Projets d'accueil Erasmus | Fondation Sope\u00f1a\",\"isPartOf\":{\"@id\":\"https:\\\/\\\/www.sopenasevilla.org\\\/#website\"},\"datePublished\":\"2020-11-23T09:35:06+00:00\",\"dateModified\":\"2024-10-11T12:18:45+00:00\",\"description\":\"Nous sommes des centres qui accueillent, qui ouvrent leurs portes aux \u00e9tudiants et enseignants d'autres centres et pays, nous travaillons avec d'autres centres europ\u00e9ens et nous accueillons des \u00e9tudiants pour suivre des cours de sp\u00e9cialisation et des stages dans des entreprises s\u00e9villanes.\",\"breadcrumb\":{\"@id\":\"https:\\\/\\\/www.sopenasevilla.org\\\/fr\\\/erasmus\\\/bienvenue-aux-projets\\\/#breadcrumb\"},\"inLanguage\":\"fr-FR\",\"potentialAction\":[{\"@type\":\"ReadAction\",\"target\":[\"https:\\\/\\\/www.sopenasevilla.org\\\/fr\\\/erasmus\\\/bienvenue-aux-projets\\\/\"]}]},{\"@type\":\"BreadcrumbList\",\"@id\":\"https:\\\/\\\/www.sopenasevilla.org\\\/fr\\\/erasmus\\\/bienvenue-aux-projets\\\/#breadcrumb\",\"itemListElement\":[{\"@type\":\"ListItem\",\"position\":1,\"name\":\"FP Sevilla\",\"item\":\"https:\\\/\\\/www.sopenasevilla.org\\\/fr\\\/\"},{\"@type\":\"ListItem\",\"position\":2,\"name\":\"Erasmus\",\"item\":\"https:\\\/\\\/www.sopenasevilla.org\\\/fr\\\/erasmus\\\/\"},{\"@type\":\"ListItem\",\"position\":3,\"name\":\"BIENVENUE AUX PROJETS\"}]},{\"@type\":\"WebSite\",\"@id\":\"https:\\\/\\\/www.sopenasevilla.org\\\/#website\",\"url\":\"https:\\\/\\\/www.sopenasevilla.org\\\/\",\"name\":\"Centro de Formaci\u00f3n Profesional | FP Sevilla\",\"description\":\"La Fondation Sope\u00f1a est un institut concert\u00e9 de formation professionnelle o\u00f9 les cycles de formation du dipl\u00f4me sup\u00e9rieur BTS, du dipl\u00f4me interm\u00e9diaire baccalaur\u00e9at et de la initiale (CAP) sont dispens\u00e9s en pr\u00e9sentiel et en ligne.\",\"publisher\":{\"@id\":\"https:\\\/\\\/www.sopenasevilla.org\\\/#organization\"},\"alternateName\":\"Sope\u00f1a Sevilla\",\"potentialAction\":[{\"@type\":\"SearchAction\",\"target\":{\"@type\":\"EntryPoint\",\"urlTemplate\":\"https:\\\/\\\/www.sopenasevilla.org\\\/?s={search_term_string}\"},\"query-input\":{\"@type\":\"PropertyValueSpecification\",\"valueRequired\":true,\"valueName\":\"search_term_string\"}}],\"inLanguage\":\"fr-FR\"},{\"@type\":\"Organization\",\"@id\":\"https:\\\/\\\/www.sopenasevilla.org\\\/#organization\",\"name\":\"Fundaci\u00f3n Dolores Sope\u00f1a Sevilla\",\"alternateName\":\"Sope\u00f1a Sevilla\",\"url\":\"https:\\\/\\\/www.sopenasevilla.org\\\/\",\"logo\":{\"@type\":\"ImageObject\",\"inLanguage\":\"fr-FR\",\"@id\":\"https:\\\/\\\/www.sopenasevilla.org\\\/#\\\/schema\\\/logo\\\/image\\\/\",\"url\":\"https:\\\/\\\/www.sopenasevilla.org\\\/wp-content\\\/uploads\\\/2020\\\/10\\\/fundacion-dolores-sopena-sevilla.jpg\",\"contentUrl\":\"https:\\\/\\\/www.sopenasevilla.org\\\/wp-content\\\/uploads\\\/2020\\\/10\\\/fundacion-dolores-sopena-sevilla.jpg\",\"width\":350,\"height\":128,\"caption\":\"Fundaci\u00f3n Dolores Sope\u00f1a Sevilla\"},\"image\":{\"@id\":\"https:\\\/\\\/www.sopenasevilla.org\\\/#\\\/schema\\\/logo\\\/image\\\/\"},\"sameAs\":[\"https:\\\/\\\/www.facebook.com\\\/sopenasevilla\\\/\",\"https:\\\/\\\/x.com\\\/SopenaSevilla\",\"https:\\\/\\\/www.youtube.com\\\/channel\\\/UCKW0FqYbGrNmm8wrXOG4J3A\",\"https:\\\/\\\/www.instagram.com\\\/sopenasevilla\\\/\"]}]}<\/script>\n<!-- \/ Yoast SEO Premium plugin. -->","yoast_head_json":{"title":"Projets d'accueil Erasmus | Fondation Sope\u00f1a","description":"Nous sommes des centres qui accueillent, qui ouvrent leurs portes aux \u00e9tudiants et enseignants d'autres centres et pays, nous travaillons avec d'autres centres europ\u00e9ens et nous accueillons des \u00e9tudiants pour suivre des cours de sp\u00e9cialisation et des stages dans des entreprises s\u00e9villanes.","robots":{"index":"index","follow":"follow","max-snippet":"max-snippet:-1","max-image-preview":"max-image-preview:large","max-video-preview":"max-video-preview:-1"},"canonical":"https:\/\/www.sopenasevilla.org\/fr\/erasmus\/bienvenue-aux-projets\/","og_locale":"fr_FR","og_type":"article","og_title":"BIENVENUE AUX PROJETS","og_description":"Nous sommes des centres qui accueillent, qui ouvrent leurs portes aux \u00e9tudiants et enseignants d'autres centres et pays, nous travaillons avec d'autres centres europ\u00e9ens et nous accueillons des \u00e9tudiants pour suivre des cours de sp\u00e9cialisation et des stages dans des entreprises s\u00e9villanes.","og_url":"https:\/\/www.sopenasevilla.org\/fr\/erasmus\/bienvenue-aux-projets\/","og_site_name":"Centre de formation professionnelle de S\u00e9ville","article_publisher":"https:\/\/www.facebook.com\/sopenasevilla\/","article_modified_time":"2024-10-11T12:18:45+00:00","og_image":[{"width":850,"height":478,"url":"https:\/\/www.sopenasevilla.org\/wp-content\/uploads\/2021\/02\/fundacion-dolores-sopena.jpg","type":"image\/jpeg"}],"twitter_card":"summary_large_image","twitter_site":"@SopenaSevilla","schema":{"@context":"https:\/\/schema.org","@graph":[{"@type":"WebPage","@id":"https:\/\/www.sopenasevilla.org\/fr\/erasmus\/bienvenue-aux-projets\/","url":"https:\/\/www.sopenasevilla.org\/fr\/erasmus\/bienvenue-aux-projets\/","name":"Projets d'accueil Erasmus | Fondation Sope\u00f1a","isPartOf":{"@id":"https:\/\/www.sopenasevilla.org\/#website"},"datePublished":"2020-11-23T09:35:06+00:00","dateModified":"2024-10-11T12:18:45+00:00","description":"Nous sommes des centres qui accueillent, qui ouvrent leurs portes aux \u00e9tudiants et enseignants d'autres centres et pays, nous travaillons avec d'autres centres europ\u00e9ens et nous accueillons des \u00e9tudiants pour suivre des cours de sp\u00e9cialisation et des stages dans des entreprises s\u00e9villanes.","breadcrumb":{"@id":"https:\/\/www.sopenasevilla.org\/fr\/erasmus\/bienvenue-aux-projets\/#breadcrumb"},"inLanguage":"fr-FR","potentialAction":[{"@type":"ReadAction","target":["https:\/\/www.sopenasevilla.org\/fr\/erasmus\/bienvenue-aux-projets\/"]}]},{"@type":"BreadcrumbList","@id":"https:\/\/www.sopenasevilla.org\/fr\/erasmus\/bienvenue-aux-projets\/#breadcrumb","itemListElement":[{"@type":"ListItem","position":1,"name":"FP Sevilla","item":"https:\/\/www.sopenasevilla.org\/fr\/"},{"@type":"ListItem","position":2,"name":"Erasmus","item":"https:\/\/www.sopenasevilla.org\/fr\/erasmus\/"},{"@type":"ListItem","position":3,"name":"BIENVENUE AUX PROJETS"}]},{"@type":"WebSite","@id":"https:\/\/www.sopenasevilla.org\/#website","url":"https:\/\/www.sopenasevilla.org\/","name":"Centro de Formaci\u00f3n Profesional | FP Sevilla","description":"La Fondation Sope\u00f1a est un institut concert\u00e9 de formation professionnelle o\u00f9 les cycles de formation du dipl\u00f4me sup\u00e9rieur BTS, du dipl\u00f4me interm\u00e9diaire baccalaur\u00e9at et de la initiale (CAP) sont dispens\u00e9s en pr\u00e9sentiel et en ligne.","publisher":{"@id":"https:\/\/www.sopenasevilla.org\/#organization"},"alternateName":"Sope\u00f1a Sevilla","potentialAction":[{"@type":"SearchAction","target":{"@type":"EntryPoint","urlTemplate":"https:\/\/www.sopenasevilla.org\/?s={search_term_string}"},"query-input":{"@type":"PropertyValueSpecification","valueRequired":true,"valueName":"search_term_string"}}],"inLanguage":"fr-FR"},{"@type":"Organization","@id":"https:\/\/www.sopenasevilla.org\/#organization","name":"Fundaci\u00f3n Dolores Sope\u00f1a Sevilla","alternateName":"Sope\u00f1a Sevilla","url":"https:\/\/www.sopenasevilla.org\/","logo":{"@type":"ImageObject","inLanguage":"fr-FR","@id":"https:\/\/www.sopenasevilla.org\/#\/schema\/logo\/image\/","url":"https:\/\/www.sopenasevilla.org\/wp-content\/uploads\/2020\/10\/fundacion-dolores-sopena-sevilla.jpg","contentUrl":"https:\/\/www.sopenasevilla.org\/wp-content\/uploads\/2020\/10\/fundacion-dolores-sopena-sevilla.jpg","width":350,"height":128,"caption":"Fundaci\u00f3n Dolores Sope\u00f1a Sevilla"},"image":{"@id":"https:\/\/www.sopenasevilla.org\/#\/schema\/logo\/image\/"},"sameAs":["https:\/\/www.facebook.com\/sopenasevilla\/","https:\/\/x.com\/SopenaSevilla","https:\/\/www.youtube.com\/channel\/UCKW0FqYbGrNmm8wrXOG4J3A","https:\/\/www.instagram.com\/sopenasevilla\/"]}]}},"_links":{"self":[{"href":"https:\/\/www.sopenasevilla.org\/fr\/wp-json\/wp\/v2\/pages\/1788","targetHints":{"allow":["GET"]}}],"collection":[{"href":"https:\/\/www.sopenasevilla.org\/fr\/wp-json\/wp\/v2\/pages"}],"about":[{"href":"https:\/\/www.sopenasevilla.org\/fr\/wp-json\/wp\/v2\/types\/page"}],"author":[{"embeddable":true,"href":"https:\/\/www.sopenasevilla.org\/fr\/wp-json\/wp\/v2\/users\/1"}],"replies":[{"embeddable":true,"href":"https:\/\/www.sopenasevilla.org\/fr\/wp-json\/wp\/v2\/comments?post=1788"}],"version-history":[{"count":0,"href":"https:\/\/www.sopenasevilla.org\/fr\/wp-json\/wp\/v2\/pages\/1788\/revisions"}],"up":[{"embeddable":true,"href":"https:\/\/www.sopenasevilla.org\/fr\/wp-json\/wp\/v2\/pages\/1778"}],"wp:attachment":[{"href":"https:\/\/www.sopenasevilla.org\/fr\/wp-json\/wp\/v2\/media?parent=1788"}],"curies":[{"name":"wp","href":"https:\/\/api.w.org\/{rel}","templated":true}]}}