{"id":5385,"date":"2021-03-04T19:12:38","date_gmt":"2021-03-04T18:12:38","guid":{"rendered":"http:\/\/www.clipp2.es\/ressources-humaines\/"},"modified":"2022-06-13T10:37:26","modified_gmt":"2022-06-13T08:37:26","slug":"ressources-humaines","status":"publish","type":"page","link":"https:\/\/www.sopenasevilla.org\/fr\/ressources-humaines\/","title":{"rendered":"Ressources Humaines"},"content":{"rendered":"\n<style type=\"text\/css\" data-created_by=\"avia_inline_auto\" id=\"style-css-av-khxey0u8-25ae47d5ce99b7347e7a70a6d7d89672\">\n.avia-section.av-khxey0u8-25ae47d5ce99b7347e7a70a6d7d89672{\nbackground-repeat:no-repeat;\nbackground-image:url(https:\/\/www.sopenasevilla.org\/wp-content\/uploads\/2021\/03\/recursos-humanos-1.jpg);\nbackground-position:100% 0%;\nbackground-attachment:scroll;\n}\n<\/style>\n<div id='av_section_1'  class='avia-section av-khxey0u8-25ae47d5ce99b7347e7a70a6d7d89672 main_color avia-section-large avia-no-border-styling  avia-builder-el-0  el_before_av_section  avia-builder-el-first  avia-full-stretch avia-bg-style-scroll av-minimum-height av-minimum-height-75 av-height-75  container_wrap sidebar_right'  data-section-bg-repeat='stretch' data-av_minimum_height_pc='75' data-av_min_height_opt='75'><div class='container av-section-cont-open' ><main  role=\"main\" itemprop=\"mainContentOfPage\"  class='template-page content  av-content-small alpha units'><div class='post-entry post-entry-type-page post-entry-5385'><div class='entry-content-wrapper clearfix'>\n\n<style type=\"text\/css\" data-created_by=\"avia_inline_auto\" id=\"style-css-av-pe70x-e86c207ed148794b22d37a64a8fb9ce8\">\n.flex_column.av-pe70x-e86c207ed148794b22d37a64a8fb9ce8{\nborder-radius:0px 0px 0px 0px;\npadding:0px 0px 0px 0px;\n}\n<\/style>\n<div  class='flex_column av-pe70x-e86c207ed148794b22d37a64a8fb9ce8 av_three_fifth  avia-builder-el-1  avia-builder-el-no-sibling  first flex_column_div av-zero-column-padding  '     ><p>\n<style type=\"text\/css\" data-created_by=\"avia_inline_auto\" id=\"style-css-av-kls49io8-03a583a41084784c3e87b40c6bb8b2ad\">\n#top .av-special-heading.av-kls49io8-03a583a41084784c3e87b40c6bb8b2ad{\npadding-bottom:10px;\nfont-size:50px;\n}\nbody .av-special-heading.av-kls49io8-03a583a41084784c3e87b40c6bb8b2ad .av-special-heading-tag .heading-char{\nfont-size:25px;\n}\n#top #wrap_all .av-special-heading.av-kls49io8-03a583a41084784c3e87b40c6bb8b2ad .av-special-heading-tag{\nfont-size:50px;\n}\n.av-special-heading.av-kls49io8-03a583a41084784c3e87b40c6bb8b2ad .av-subheading{\nfont-size:15px;\n}\n\n@media only screen and (max-width: 479px){ \n#top #wrap_all .av-special-heading.av-kls49io8-03a583a41084784c3e87b40c6bb8b2ad .av-special-heading-tag{\nfont-size:35px;\n}\n}\n\n@media only screen and (min-width: 480px) and (max-width: 767px){ \n#top #wrap_all .av-special-heading.av-kls49io8-03a583a41084784c3e87b40c6bb8b2ad .av-special-heading-tag{\nfont-size:0.8em;\n}\n}\n<\/style>\n<div  class='av-special-heading av-kls49io8-03a583a41084784c3e87b40c6bb8b2ad av-special-heading-h1 blockquote modern-quote modern-centered  avia-builder-el-2  el_before_av_heading  avia-builder-el-first  av-small-hide av-mini-hide av-inherit-size'><h1 class='av-special-heading-tag '  itemprop=\"headline\"  >Ressources Humaines Fondation Sope\u00f1a<\/h1><div class=\"special-heading-border\"><div class=\"special-heading-inner-border\"><\/div><\/div><\/div><br \/>\n\n<style type=\"text\/css\" data-created_by=\"avia_inline_auto\" id=\"style-css-av-kls49io8-8517b22370991df697261a4f61b9d38b\">\n#top .av-special-heading.av-kls49io8-8517b22370991df697261a4f61b9d38b{\npadding-bottom:10px;\ncolor:#ffffff;\nfont-size:50px;\n}\nbody .av-special-heading.av-kls49io8-8517b22370991df697261a4f61b9d38b .av-special-heading-tag .heading-char{\nfont-size:25px;\n}\n#top #wrap_all .av-special-heading.av-kls49io8-8517b22370991df697261a4f61b9d38b .av-special-heading-tag{\nfont-size:50px;\n}\n.av-special-heading.av-kls49io8-8517b22370991df697261a4f61b9d38b .special-heading-inner-border{\nborder-color:#ffffff;\n}\n.av-special-heading.av-kls49io8-8517b22370991df697261a4f61b9d38b .av-subheading{\nfont-size:15px;\n}\n\n@media only screen and (max-width: 479px){ \n#top #wrap_all .av-special-heading.av-kls49io8-8517b22370991df697261a4f61b9d38b .av-special-heading-tag{\nfont-size:35px;\n}\n}\n\n@media only screen and (min-width: 480px) and (max-width: 767px){ \n#top #wrap_all .av-special-heading.av-kls49io8-8517b22370991df697261a4f61b9d38b .av-special-heading-tag{\nfont-size:0.8em;\n}\n}\n<\/style>\n<div  class='av-special-heading av-kls49io8-8517b22370991df697261a4f61b9d38b av-special-heading-h1 custom-color-heading blockquote modern-quote modern-centered  avia-builder-el-3  el_after_av_heading  el_before_av_textblock  av-desktop-hide av-medium-hide av-inherit-size'><h1 class='av-special-heading-tag '  itemprop=\"headline\"  >Ressources Humaines Fondation Sope\u00f1a<\/h1><div class=\"special-heading-border\"><div class=\"special-heading-inner-border\"><\/div><\/div><\/div><br \/>\n<section  class='av_textblock_section av-e9wh0-5bf1ae5239c61f85fd970d450a1758de '   itemscope=\"itemscope\" itemtype=\"https:\/\/schema.org\/CreativeWork\" ><div class='avia_textblock'  itemprop=\"text\" ><p style=\"text-align: center;\"><span style=\"color: #ee7402; font-size: 18pt;\">\u2756<\/span><\/p>\n<\/div><\/section><\/p><\/div>\n\n<\/div><\/div><\/main><!-- close content main element --><\/div><\/div><div id='av_section_2'  class='avia-section av-ncjcg-34cc152083a25ae5455c903b82e3df09 alternate_color avia-section-default avia-no-border-styling  avia-builder-el-5  el_after_av_section  el_before_av_section  avia-bg-style-scroll container_wrap sidebar_right'  ><div class='container av-section-cont-open' ><div class='template-page content  av-content-small alpha units'><div class='post-entry post-entry-type-page post-entry-5385'><div class='entry-content-wrapper clearfix'>\n<div class='flex_column_table av-mun20-8cc55a5543eb6c7e315ef18058eea90c sc-av_one_full av-equal-height-column-flextable'>\n<style type=\"text\/css\" data-created_by=\"avia_inline_auto\" id=\"style-css-av-mun20-8cc55a5543eb6c7e315ef18058eea90c\">\n.flex_column.av-mun20-8cc55a5543eb6c7e315ef18058eea90c{\nborder-radius:0px 0px 0px 0px;\npadding:0px 0px 0px 0px;\n}\n<\/style>\n<div  class='flex_column av-mun20-8cc55a5543eb6c7e315ef18058eea90c av_one_full  avia-builder-el-6  el_before_av_hr  avia-builder-el-first  first flex_column_table_cell av-equal-height-column av-align-middle av-zero-column-padding  '     ><style type=\"text\/css\" data-created_by=\"avia_inline_auto\" id=\"style-css-av-kls4h7q5-9fcd45d15d5f5b647027824096bc6b6d\">\n#top .av-special-heading.av-kls4h7q5-9fcd45d15d5f5b647027824096bc6b6d{\npadding-bottom:0;\nfont-size:40px;\n}\nbody .av-special-heading.av-kls4h7q5-9fcd45d15d5f5b647027824096bc6b6d .av-special-heading-tag .heading-char{\nfont-size:25px;\n}\n#top #wrap_all .av-special-heading.av-kls4h7q5-9fcd45d15d5f5b647027824096bc6b6d .av-special-heading-tag{\nfont-size:40px;\n}\n.av-special-heading.av-kls4h7q5-9fcd45d15d5f5b647027824096bc6b6d .av-subheading{\nfont-size:15px;\n}\n\n@media only screen and (min-width: 480px) and (max-width: 767px){ \n#top #wrap_all .av-special-heading.av-kls4h7q5-9fcd45d15d5f5b647027824096bc6b6d .av-special-heading-tag{\nfont-size:0.8em;\n}\n}\n\n@media only screen and (max-width: 479px){ \n#top #wrap_all .av-special-heading.av-kls4h7q5-9fcd45d15d5f5b647027824096bc6b6d .av-special-heading-tag{\nfont-size:0.8em;\n}\n}\n<\/style>\n<div  class='av-special-heading av-kls4h7q5-9fcd45d15d5f5b647027824096bc6b6d av-special-heading-h3 blockquote modern-quote modern-centered  avia-builder-el-7  avia-builder-el-no-sibling  av-inherit-size'><h3 class='av-special-heading-tag '  itemprop=\"headline\"  >\u00ab\u00a0Rejoignez notre \u00e9quipe d\u2019enseignants et de professionnels.\u00a0\u00bb<\/h3><div class=\"special-heading-border\"><div class=\"special-heading-inner-border\"><\/div><\/div><\/div><\/div><\/div><!--close column table wrapper. Autoclose: 1 -->\n<style type=\"text\/css\" data-created_by=\"avia_inline_auto\" id=\"style-css-av-kfy2g-cbbc79b4c4d330f4614f483b60751ac9\">\n#top .hr.hr-invisible.av-kfy2g-cbbc79b4c4d330f4614f483b60751ac9{\nheight:45px;\n}\n<\/style>\n<div  class='hr av-kfy2g-cbbc79b4c4d330f4614f483b60751ac9 hr-invisible  avia-builder-el-8  el_after_av_one_full  avia-builder-el-last '><span class='hr-inner '><span class=\"hr-inner-style\"><\/span><\/span><\/div>\n\n<\/div><\/div><\/div><!-- close content main div --><\/div><\/div>\n<style type=\"text\/css\" data-created_by=\"avia_inline_auto\" id=\"style-css-av-jqkc0-3168cd1dedff663660b1dbf78c6f6b7f\">\n.avia-section.av-jqkc0-3168cd1dedff663660b1dbf78c6f6b7f{\nbackground-color:#ffffff;\nbackground-image:unset;\n}\n<\/style>\n<div id='av_section_3'  class='avia-section av-jqkc0-3168cd1dedff663660b1dbf78c6f6b7f main_color avia-section-small avia-no-border-styling  avia-builder-el-9  el_after_av_section  avia-builder-el-last  avia-bg-style-scroll container_wrap sidebar_right'  ><div class='container av-section-cont-open' ><div class='template-page content  av-content-small alpha units'><div class='post-entry post-entry-type-page post-entry-5385'><div class='entry-content-wrapper clearfix'>\n<div class='flex_column_table av-j8cs0-4f7f2e8357a749d9471214e8203ac74f sc-av_two_fifth av-equal-height-column-flextable'>\n<style type=\"text\/css\" data-created_by=\"avia_inline_auto\" id=\"style-css-av-j8cs0-4f7f2e8357a749d9471214e8203ac74f\">\n#top .flex_column_table.av-equal-height-column-flextable.av-j8cs0-4f7f2e8357a749d9471214e8203ac74f{\nmargin-top:-60px;\nmargin-bottom:0px;\n}\n.flex_column.av-j8cs0-4f7f2e8357a749d9471214e8203ac74f{\nborder-radius:0px 0px 0px 0px;\npadding:30px 30px 30px 30px;\nbackground-color:#ffffff;\n}\n<\/style>\n<div  class='flex_column av-j8cs0-4f7f2e8357a749d9471214e8203ac74f av_two_fifth  avia-builder-el-10  el_before_av_three_fifth  avia-builder-el-first  first no_margin flex_column_table_cell av-equal-height-column av-align-top  '     ><style type=\"text\/css\" data-created_by=\"avia_inline_auto\" id=\"style-css-av-kls50rve-08b3c8b6834ee08e4e973fe06a40b7ff\">\n.avia-image-container.av-kls50rve-08b3c8b6834ee08e4e973fe06a40b7ff img.avia_image{\nbox-shadow:none;\n}\n.avia-image-container.av-kls50rve-08b3c8b6834ee08e4e973fe06a40b7ff .av-image-caption-overlay-center{\ncolor:#ffffff;\n}\n<\/style>\n<div  class='avia-image-container av-kls50rve-08b3c8b6834ee08e4e973fe06a40b7ff av-styling- avia-align-center  avia-builder-el-11  avia-builder-el-no-sibling '   itemprop=\"image\" itemscope=\"itemscope\" itemtype=\"https:\/\/schema.org\/ImageObject\" ><div class=\"avia-image-container-inner\"><div class=\"avia-image-overlay-wrap\"><img decoding=\"async\" fetchpriority=\"high\" class='wp-image-4601 avia-img-lazy-loading-not-4601 avia_image ' src=\"https:\/\/www.sopenasevilla.org\/wp-content\/uploads\/2021\/02\/FP-basica-sevilla.jpg\" alt='FORMATION PROFESSIONNELLE INITIALE s\u00e9ville' title='FORMATION-PROFESSIONNELLE-INITIALE-s\u00e9ville'  height=\"452\" width=\"434\"  itemprop=\"thumbnailUrl\" srcset=\"https:\/\/www.sopenasevilla.org\/wp-content\/uploads\/2021\/02\/FP-basica-sevilla.jpg 434w, https:\/\/www.sopenasevilla.org\/wp-content\/uploads\/2021\/02\/FP-basica-sevilla-288x300.jpg 288w, https:\/\/www.sopenasevilla.org\/wp-content\/uploads\/2021\/02\/FP-basica-sevilla-36x36.jpg 36w\" sizes=\"(max-width: 434px) 100vw, 434px\" \/><\/div><\/div><\/div><\/div>\n<style type=\"text\/css\" data-created_by=\"avia_inline_auto\" id=\"style-css-av-j8cs0-3f5fa3e027fe016e563c0f9d7e2315d5\">\n#top .flex_column_table.av-equal-height-column-flextable.av-j8cs0-3f5fa3e027fe016e563c0f9d7e2315d5{\nmargin-top:-60px;\nmargin-bottom:0px;\n}\n.flex_column.av-j8cs0-3f5fa3e027fe016e563c0f9d7e2315d5{\nborder-radius:0px 0px 0px 0px;\npadding:30px 30px 30px 30px;\nbackground-color:#ffffff;\n}\n<\/style>\n<div  class='flex_column av-j8cs0-3f5fa3e027fe016e563c0f9d7e2315d5 av_three_fifth  avia-builder-el-12  el_after_av_two_fifth  avia-builder-el-last  no_margin flex_column_table_cell av-equal-height-column av-align-top  '     ><p><section  class='av_textblock_section av-1q49w-6a43bdf9f20a597546c11a597ba76cd4 '   itemscope=\"itemscope\" itemtype=\"https:\/\/schema.org\/CreativeWork\" ><div class='avia_textblock'  itemprop=\"text\" ><p>\u00c0 la Fondation Dolores Sope\u00f1a, nous recherchons des esprits vifs, des enseignants qui souhaitent d\u00e9velopper des projets \u00e9ducatifs dans le domaine de la formation professionnelle et qui souhaitent am\u00e9liorer notre soci\u00e9t\u00e9 en inculquant des valeurs et une formation professionnelle de qualit\u00e9 et actualis\u00e9e.<\/p>\n<p>Nous travaillons sur des projets \u00e9ducatifs avec des \u00e9quipes de travail multidisciplinaires qui ont besoin de votre volont\u00e9 et de votre professionnalisme pour continuer \u00e0 avancer et \u00e0 d\u00e9velopper une Formation Professionnelle de qualit\u00e9.<\/p>\n<p>Nos plus de 100 enseignants \u00e0 S\u00e9ville travaillent dans deux centres \u00e9ducatifs, dans lesquels nous mettons notre exp\u00e9rience de formation au service de nos \u00e9tudiants, de nos entreprises collaboratrices et de la soci\u00e9t\u00e9 dans son ensemble pour contribuer \u00e0 l&rsquo;am\u00e9lioration de notre environnement par la formation et l\u2019acc\u00e8s \u00e0 l\u2019emploi pour jeunes et adultes.<\/p>\n<p>Si vous faites partie de ceux qui pensent qu&rsquo;\u00e9duquer est un processus d&rsquo;am\u00e9lioration continu dans lequel le protagoniste est l&rsquo;\u00e9tudiant, nous voulons vous rencontrer. Envoyez-nous votre curriculum vitae et notre \u00e9quipe de ressources humaines vous contactera afin que vous deveniez un \u00e9l\u00e9ment fondamental dans le d\u00e9veloppement de notre Mission.<\/p>\n<\/div><\/section><br \/>\n\n<style type=\"text\/css\" data-created_by=\"avia_inline_auto\" id=\"style-css-av-ibqh0-2b5921366e8204bc21d362c3a9a7b289\">\n#top .hr.hr-invisible.av-ibqh0-2b5921366e8204bc21d362c3a9a7b289{\nheight:20px;\n}\n<\/style>\n<div  class='hr av-ibqh0-2b5921366e8204bc21d362c3a9a7b289 hr-invisible  avia-builder-el-14  el_after_av_textblock  el_before_av_button '><span class='hr-inner '><span class=\"hr-inner-style\"><\/span><\/span><\/div><br \/>\n<div  class='avia-button-wrap av-kls4y3zl-78b8c14cc85cb1adab4bf1d387808e3f-wrap avia-button-center  avia-builder-el-15  el_after_av_hr  avia-builder-el-last '><a href='mailto:rrhh.sp@sopenasevilla.org, rrhh.jv@sopenasevilla.org'  class='avia-button av-kls4y3zl-78b8c14cc85cb1adab4bf1d387808e3f av-link-btn avia-icon_select-yes-left-icon avia-size-x-large avia-position-center avia-color-theme-color'   aria-label=\"Rejoignez-nous!\"><span class='avia_button_icon avia_button_icon_left avia-iconfont avia-font-entypo-fontello' data-av_icon='\ue805' data-av_iconfont='entypo-fontello' ><\/span><span class='avia_iconbox_title' >Rejoignez-nous!<\/span><\/a><\/div><\/p><\/div><\/div><!--close column table wrapper. Autoclose: 1 --><\/div><\/div><\/div><!-- close content main div --><\/div><\/div><div id='after_section_3'  class='main_color av_default_container_wrap container_wrap sidebar_right'  ><div class='container av-section-cont-open' ><div class='template-page content  av-content-small alpha units'><div class='post-entry post-entry-type-page post-entry-5385'><div class='entry-content-wrapper clearfix'>\n","protected":false},"excerpt":{"rendered":"","protected":false},"author":1,"featured_media":5120,"parent":0,"menu_order":0,"comment_status":"closed","ping_status":"closed","template":"","meta":{"footnotes":""},"class_list":["post-5385","page","type-page","status-publish","has-post-thumbnail","hentry"],"yoast_head":"<!-- This site is optimized with the Yoast SEO Premium plugin v27.4 (Yoast SEO v27.4) - https:\/\/yoast.com\/product\/yoast-seo-premium-wordpress\/ -->\n<title>Ressources humaines | Fondation Sope\u00f1a S\u00e9ville<\/title>\n<meta name=\"description\" content=\"Entrez et envoyez-nous votre CV si vous souhaitez faire partie de notre grande famille d&#039;enseignants et de professionnels de l&#039;\u00e9ducation. Nous t&#039;attendons!\" \/>\n<meta name=\"robots\" content=\"index, follow, max-snippet:-1, max-image-preview:large, max-video-preview:-1\" \/>\n<link rel=\"canonical\" href=\"https:\/\/www.sopenasevilla.org\/fr\/ressources-humaines\/\" \/>\n<meta property=\"og:locale\" content=\"fr_FR\" \/>\n<meta property=\"og:type\" content=\"article\" \/>\n<meta property=\"og:title\" content=\"Ressources humaines | Fondation Sope\u00f1a S\u00e9ville\" \/>\n<meta property=\"og:description\" content=\"Entrez et envoyez-nous votre CV si vous souhaitez faire partie de notre grande famille d&#039;enseignants et de professionnels de l&#039;\u00e9ducation. Nous t&#039;attendons!\" \/>\n<meta property=\"og:url\" content=\"https:\/\/www.sopenasevilla.org\/fr\/ressources-humaines\/\" \/>\n<meta property=\"og:site_name\" content=\"Centre de formation professionnelle de S\u00e9ville\" \/>\n<meta property=\"article:publisher\" content=\"https:\/\/www.facebook.com\/sopenasevilla\/\" \/>\n<meta property=\"article:modified_time\" content=\"2022-06-13T08:37:26+00:00\" \/>\n<meta property=\"og:image\" content=\"https:\/\/www.sopenasevilla.org\/wp-content\/uploads\/2021\/03\/recursos-humanos-fundacion-sopena.jpg\" \/>\n<meta name=\"twitter:card\" content=\"summary_large_image\" \/>\n<meta name=\"twitter:title\" content=\"Ressources Humaines\" \/>\n<meta name=\"twitter:site\" content=\"@SopenaSevilla\" \/>\n<script type=\"application\/ld+json\" class=\"yoast-schema-graph\">{\"@context\":\"https:\\\/\\\/schema.org\",\"@graph\":[{\"@type\":\"WebPage\",\"@id\":\"https:\\\/\\\/www.sopenasevilla.org\\\/fr\\\/ressources-humaines\\\/\",\"url\":\"https:\\\/\\\/www.sopenasevilla.org\\\/fr\\\/ressources-humaines\\\/\",\"name\":\"Ressources humaines | Fondation Sope\u00f1a S\u00e9ville\",\"isPartOf\":{\"@id\":\"https:\\\/\\\/www.sopenasevilla.org\\\/#website\"},\"primaryImageOfPage\":{\"@id\":\"https:\\\/\\\/www.sopenasevilla.org\\\/fr\\\/ressources-humaines\\\/#primaryimage\"},\"image\":{\"@id\":\"https:\\\/\\\/www.sopenasevilla.org\\\/fr\\\/ressources-humaines\\\/#primaryimage\"},\"thumbnailUrl\":\"https:\\\/\\\/www.sopenasevilla.org\\\/wp-content\\\/uploads\\\/2021\\\/03\\\/recursos-humanos-fundacion-sopena.jpg\",\"datePublished\":\"2021-03-04T18:12:38+00:00\",\"dateModified\":\"2022-06-13T08:37:26+00:00\",\"description\":\"Entrez et envoyez-nous votre CV si vous souhaitez faire partie de notre grande famille d'enseignants et de professionnels de l'\u00e9ducation. Nous t'attendons!\",\"breadcrumb\":{\"@id\":\"https:\\\/\\\/www.sopenasevilla.org\\\/fr\\\/ressources-humaines\\\/#breadcrumb\"},\"inLanguage\":\"fr-FR\",\"potentialAction\":[{\"@type\":\"ReadAction\",\"target\":[\"https:\\\/\\\/www.sopenasevilla.org\\\/fr\\\/ressources-humaines\\\/\"]}]},{\"@type\":\"ImageObject\",\"inLanguage\":\"fr-FR\",\"@id\":\"https:\\\/\\\/www.sopenasevilla.org\\\/fr\\\/ressources-humaines\\\/#primaryimage\",\"url\":\"https:\\\/\\\/www.sopenasevilla.org\\\/wp-content\\\/uploads\\\/2021\\\/03\\\/recursos-humanos-fundacion-sopena.jpg\",\"contentUrl\":\"https:\\\/\\\/www.sopenasevilla.org\\\/wp-content\\\/uploads\\\/2021\\\/03\\\/recursos-humanos-fundacion-sopena.jpg\",\"width\":850,\"height\":478,\"caption\":\"fondation des ressources humaines sope\u00f1a\"},{\"@type\":\"BreadcrumbList\",\"@id\":\"https:\\\/\\\/www.sopenasevilla.org\\\/fr\\\/ressources-humaines\\\/#breadcrumb\",\"itemListElement\":[{\"@type\":\"ListItem\",\"position\":1,\"name\":\"FP Sevilla\",\"item\":\"https:\\\/\\\/www.sopenasevilla.org\\\/fr\\\/\"},{\"@type\":\"ListItem\",\"position\":2,\"name\":\"Ressources Humaines\"}]},{\"@type\":\"WebSite\",\"@id\":\"https:\\\/\\\/www.sopenasevilla.org\\\/#website\",\"url\":\"https:\\\/\\\/www.sopenasevilla.org\\\/\",\"name\":\"Centro de Formaci\u00f3n Profesional | FP Sevilla\",\"description\":\"La Fondation Sope\u00f1a est un institut concert\u00e9 de formation professionnelle o\u00f9 les cycles de formation du dipl\u00f4me sup\u00e9rieur BTS, du dipl\u00f4me interm\u00e9diaire baccalaur\u00e9at et de la initiale (CAP) sont dispens\u00e9s en pr\u00e9sentiel et en ligne.\",\"publisher\":{\"@id\":\"https:\\\/\\\/www.sopenasevilla.org\\\/#organization\"},\"alternateName\":\"Sope\u00f1a Sevilla\",\"potentialAction\":[{\"@type\":\"SearchAction\",\"target\":{\"@type\":\"EntryPoint\",\"urlTemplate\":\"https:\\\/\\\/www.sopenasevilla.org\\\/?s={search_term_string}\"},\"query-input\":{\"@type\":\"PropertyValueSpecification\",\"valueRequired\":true,\"valueName\":\"search_term_string\"}}],\"inLanguage\":\"fr-FR\"},{\"@type\":\"Organization\",\"@id\":\"https:\\\/\\\/www.sopenasevilla.org\\\/#organization\",\"name\":\"Fundaci\u00f3n Dolores Sope\u00f1a Sevilla\",\"alternateName\":\"Sope\u00f1a Sevilla\",\"url\":\"https:\\\/\\\/www.sopenasevilla.org\\\/\",\"logo\":{\"@type\":\"ImageObject\",\"inLanguage\":\"fr-FR\",\"@id\":\"https:\\\/\\\/www.sopenasevilla.org\\\/#\\\/schema\\\/logo\\\/image\\\/\",\"url\":\"https:\\\/\\\/www.sopenasevilla.org\\\/wp-content\\\/uploads\\\/2020\\\/10\\\/fundacion-dolores-sopena-sevilla.jpg\",\"contentUrl\":\"https:\\\/\\\/www.sopenasevilla.org\\\/wp-content\\\/uploads\\\/2020\\\/10\\\/fundacion-dolores-sopena-sevilla.jpg\",\"width\":350,\"height\":128,\"caption\":\"Fundaci\u00f3n Dolores Sope\u00f1a Sevilla\"},\"image\":{\"@id\":\"https:\\\/\\\/www.sopenasevilla.org\\\/#\\\/schema\\\/logo\\\/image\\\/\"},\"sameAs\":[\"https:\\\/\\\/www.facebook.com\\\/sopenasevilla\\\/\",\"https:\\\/\\\/x.com\\\/SopenaSevilla\",\"https:\\\/\\\/www.youtube.com\\\/channel\\\/UCKW0FqYbGrNmm8wrXOG4J3A\",\"https:\\\/\\\/www.instagram.com\\\/sopenasevilla\\\/\"]}]}<\/script>\n<!-- \/ Yoast SEO Premium plugin. -->","yoast_head_json":{"title":"Ressources humaines | Fondation Sope\u00f1a S\u00e9ville","description":"Entrez et envoyez-nous votre CV si vous souhaitez faire partie de notre grande famille d'enseignants et de professionnels de l'\u00e9ducation. Nous t'attendons!","robots":{"index":"index","follow":"follow","max-snippet":"max-snippet:-1","max-image-preview":"max-image-preview:large","max-video-preview":"max-video-preview:-1"},"canonical":"https:\/\/www.sopenasevilla.org\/fr\/ressources-humaines\/","og_locale":"fr_FR","og_type":"article","og_title":"Ressources humaines | Fondation Sope\u00f1a S\u00e9ville","og_description":"Entrez et envoyez-nous votre CV si vous souhaitez faire partie de notre grande famille d'enseignants et de professionnels de l'\u00e9ducation. Nous t'attendons!","og_url":"https:\/\/www.sopenasevilla.org\/fr\/ressources-humaines\/","og_site_name":"Centre de formation professionnelle de S\u00e9ville","article_publisher":"https:\/\/www.facebook.com\/sopenasevilla\/","article_modified_time":"2022-06-13T08:37:26+00:00","og_image":[{"url":"https:\/\/www.sopenasevilla.org\/wp-content\/uploads\/2021\/03\/recursos-humanos-fundacion-sopena.jpg","type":"","width":"","height":""}],"twitter_card":"summary_large_image","twitter_title":"Ressources Humaines","twitter_site":"@SopenaSevilla","schema":{"@context":"https:\/\/schema.org","@graph":[{"@type":"WebPage","@id":"https:\/\/www.sopenasevilla.org\/fr\/ressources-humaines\/","url":"https:\/\/www.sopenasevilla.org\/fr\/ressources-humaines\/","name":"Ressources humaines | Fondation Sope\u00f1a S\u00e9ville","isPartOf":{"@id":"https:\/\/www.sopenasevilla.org\/#website"},"primaryImageOfPage":{"@id":"https:\/\/www.sopenasevilla.org\/fr\/ressources-humaines\/#primaryimage"},"image":{"@id":"https:\/\/www.sopenasevilla.org\/fr\/ressources-humaines\/#primaryimage"},"thumbnailUrl":"https:\/\/www.sopenasevilla.org\/wp-content\/uploads\/2021\/03\/recursos-humanos-fundacion-sopena.jpg","datePublished":"2021-03-04T18:12:38+00:00","dateModified":"2022-06-13T08:37:26+00:00","description":"Entrez et envoyez-nous votre CV si vous souhaitez faire partie de notre grande famille d'enseignants et de professionnels de l'\u00e9ducation. Nous t'attendons!","breadcrumb":{"@id":"https:\/\/www.sopenasevilla.org\/fr\/ressources-humaines\/#breadcrumb"},"inLanguage":"fr-FR","potentialAction":[{"@type":"ReadAction","target":["https:\/\/www.sopenasevilla.org\/fr\/ressources-humaines\/"]}]},{"@type":"ImageObject","inLanguage":"fr-FR","@id":"https:\/\/www.sopenasevilla.org\/fr\/ressources-humaines\/#primaryimage","url":"https:\/\/www.sopenasevilla.org\/wp-content\/uploads\/2021\/03\/recursos-humanos-fundacion-sopena.jpg","contentUrl":"https:\/\/www.sopenasevilla.org\/wp-content\/uploads\/2021\/03\/recursos-humanos-fundacion-sopena.jpg","width":850,"height":478,"caption":"fondation des ressources humaines sope\u00f1a"},{"@type":"BreadcrumbList","@id":"https:\/\/www.sopenasevilla.org\/fr\/ressources-humaines\/#breadcrumb","itemListElement":[{"@type":"ListItem","position":1,"name":"FP Sevilla","item":"https:\/\/www.sopenasevilla.org\/fr\/"},{"@type":"ListItem","position":2,"name":"Ressources Humaines"}]},{"@type":"WebSite","@id":"https:\/\/www.sopenasevilla.org\/#website","url":"https:\/\/www.sopenasevilla.org\/","name":"Centro de Formaci\u00f3n Profesional | FP Sevilla","description":"La Fondation Sope\u00f1a est un institut concert\u00e9 de formation professionnelle o\u00f9 les cycles de formation du dipl\u00f4me sup\u00e9rieur BTS, du dipl\u00f4me interm\u00e9diaire baccalaur\u00e9at et de la initiale (CAP) sont dispens\u00e9s en pr\u00e9sentiel et en ligne.","publisher":{"@id":"https:\/\/www.sopenasevilla.org\/#organization"},"alternateName":"Sope\u00f1a Sevilla","potentialAction":[{"@type":"SearchAction","target":{"@type":"EntryPoint","urlTemplate":"https:\/\/www.sopenasevilla.org\/?s={search_term_string}"},"query-input":{"@type":"PropertyValueSpecification","valueRequired":true,"valueName":"search_term_string"}}],"inLanguage":"fr-FR"},{"@type":"Organization","@id":"https:\/\/www.sopenasevilla.org\/#organization","name":"Fundaci\u00f3n Dolores Sope\u00f1a Sevilla","alternateName":"Sope\u00f1a Sevilla","url":"https:\/\/www.sopenasevilla.org\/","logo":{"@type":"ImageObject","inLanguage":"fr-FR","@id":"https:\/\/www.sopenasevilla.org\/#\/schema\/logo\/image\/","url":"https:\/\/www.sopenasevilla.org\/wp-content\/uploads\/2020\/10\/fundacion-dolores-sopena-sevilla.jpg","contentUrl":"https:\/\/www.sopenasevilla.org\/wp-content\/uploads\/2020\/10\/fundacion-dolores-sopena-sevilla.jpg","width":350,"height":128,"caption":"Fundaci\u00f3n Dolores Sope\u00f1a Sevilla"},"image":{"@id":"https:\/\/www.sopenasevilla.org\/#\/schema\/logo\/image\/"},"sameAs":["https:\/\/www.facebook.com\/sopenasevilla\/","https:\/\/x.com\/SopenaSevilla","https:\/\/www.youtube.com\/channel\/UCKW0FqYbGrNmm8wrXOG4J3A","https:\/\/www.instagram.com\/sopenasevilla\/"]}]}},"_links":{"self":[{"href":"https:\/\/www.sopenasevilla.org\/fr\/wp-json\/wp\/v2\/pages\/5385","targetHints":{"allow":["GET"]}}],"collection":[{"href":"https:\/\/www.sopenasevilla.org\/fr\/wp-json\/wp\/v2\/pages"}],"about":[{"href":"https:\/\/www.sopenasevilla.org\/fr\/wp-json\/wp\/v2\/types\/page"}],"author":[{"embeddable":true,"href":"https:\/\/www.sopenasevilla.org\/fr\/wp-json\/wp\/v2\/users\/1"}],"replies":[{"embeddable":true,"href":"https:\/\/www.sopenasevilla.org\/fr\/wp-json\/wp\/v2\/comments?post=5385"}],"version-history":[{"count":0,"href":"https:\/\/www.sopenasevilla.org\/fr\/wp-json\/wp\/v2\/pages\/5385\/revisions"}],"wp:featuredmedia":[{"embeddable":true,"href":"https:\/\/www.sopenasevilla.org\/fr\/wp-json\/wp\/v2\/media\/5120"}],"wp:attachment":[{"href":"https:\/\/www.sopenasevilla.org\/fr\/wp-json\/wp\/v2\/media?parent=5385"}],"curies":[{"name":"wp","href":"https:\/\/api.w.org\/{rel}","templated":true}]}}