{"id":2308,"date":"2020-11-27T13:27:20","date_gmt":"2020-11-27T12:27:20","guid":{"rendered":"http:\/\/clipp2.es\/noticias\/"},"modified":"2021-03-05T20:42:50","modified_gmt":"2021-03-05T19:42:50","slug":"notizie","status":"publish","type":"page","link":"https:\/\/www.sopenasevilla.org\/it\/notizie\/","title":{"rendered":"Notizie"},"content":{"rendered":"\n<style type=\"text\/css\" data-created_by=\"avia_inline_auto\" id=\"style-css-av-52e7r-55934b11e082b18297b2777d001884a3\">\n.avia-section.av-52e7r-55934b11e082b18297b2777d001884a3{\nbackground-repeat:no-repeat;\nbackground-image:url(https:\/\/www.sopenasevilla.org\/wp-content\/uploads\/2020\/11\/blog-fundacion-sopena.jpg);\nbackground-position:50% 0%;\nbackground-attachment:fixed;\n}\n.avia-section.av-52e7r-55934b11e082b18297b2777d001884a3 .av-section-color-overlay{\nopacity:0.3;\nbackground-color:#000000;\n}\n<\/style>\n<div id='av_section_1'  class='avia-section av-52e7r-55934b11e082b18297b2777d001884a3 main_color avia-section-large avia-no-shadow  avia-builder-el-0  el_before_av_section  avia-builder-el-first  avia-full-stretch avia-bg-style-fixed av-section-color-overlay-active container_wrap sidebar_right'  data-section-bg-repeat='stretch'><div class=\"av-section-color-overlay-wrap\"><div class=\"av-section-color-overlay\"><\/div><div class='container av-section-cont-open' ><main  role=\"main\" itemprop=\"mainContentOfPage\"  class='template-page content  av-content-small alpha units'><div class='post-entry post-entry-type-page post-entry-2308'><div class='entry-content-wrapper clearfix'>\n\n<style type=\"text\/css\" data-created_by=\"avia_inline_auto\" id=\"style-css-av-khm97qdi-79e3edabb2266ac2550dc35f6eadd3f4\">\n#top .av-special-heading.av-khm97qdi-79e3edabb2266ac2550dc35f6eadd3f4{\npadding-bottom:0;\ncolor:#ffffff;\nfont-size:40px;\n}\nbody .av-special-heading.av-khm97qdi-79e3edabb2266ac2550dc35f6eadd3f4 .av-special-heading-tag .heading-char{\nfont-size:25px;\n}\n#top #wrap_all .av-special-heading.av-khm97qdi-79e3edabb2266ac2550dc35f6eadd3f4 .av-special-heading-tag{\nfont-size:40px;\n}\n.av-special-heading.av-khm97qdi-79e3edabb2266ac2550dc35f6eadd3f4 .special-heading-inner-border{\nborder-color:#ffffff;\n}\n.av-special-heading.av-khm97qdi-79e3edabb2266ac2550dc35f6eadd3f4 .av-subheading{\nfont-size:30px;\n}\n\n@media only screen and (min-width: 480px) and (max-width: 767px){ \n#top #wrap_all .av-special-heading.av-khm97qdi-79e3edabb2266ac2550dc35f6eadd3f4 .av-special-heading-tag{\nfont-size:0.8em;\n}\n}\n\n@media only screen and (max-width: 479px){ \n#top #wrap_all .av-special-heading.av-khm97qdi-79e3edabb2266ac2550dc35f6eadd3f4 .av-special-heading-tag{\nfont-size:0.8em;\n}\n}\n<\/style>\n<div  class='av-special-heading av-khm97qdi-79e3edabb2266ac2550dc35f6eadd3f4 av-special-heading-h1 custom-color-heading blockquote modern-quote modern-centered  avia-builder-el-1  el_before_av_textblock  avia-builder-el-first  av-inherit-size'><h1 class='av-special-heading-tag '  itemprop=\"headline\"  >Ultime Novit\u00e0<\/h1><div class=\"special-heading-border\"><div class=\"special-heading-inner-border\"><\/div><\/div><\/div>\n<section  class='av_textblock_section av-e9wh0-5bf1ae5239c61f85fd970d450a1758de '   itemscope=\"itemscope\" itemtype=\"https:\/\/schema.org\/CreativeWork\" ><div class='avia_textblock'  itemprop=\"text\" ><p style=\"text-align: center;\"><span style=\"color: #ffffff; font-size: 24pt;\">\u2756<\/span><\/p>\n<\/div><\/section>\n<\/div><\/div><\/main><!-- close content main element --><\/div><\/div><\/div><div id='av_section_2'  class='avia-section av-3g6m3-0ad7ff3f946390a35cc4eef9bd66ce61 main_color avia-section-default avia-no-border-styling  avia-builder-el-3  el_after_av_section  avia-builder-el-last  avia-bg-style-scroll container_wrap sidebar_right'  ><div class='container av-section-cont-open' ><div class='template-page content  av-content-small alpha units'><div class='post-entry post-entry-type-page post-entry-2308'><div class='entry-content-wrapper clearfix'>\n<div class='flex_column_table av-2km6z-65ed70427831315e084881a96364576b sc-av_two_third av-equal-height-column-flextable'>\n<style type=\"text\/css\" data-created_by=\"avia_inline_auto\" id=\"style-css-av-2km6z-65ed70427831315e084881a96364576b\">\n#top .flex_column_table.av-equal-height-column-flextable.av-2km6z-65ed70427831315e084881a96364576b{\nmargin-top:-90px;\nmargin-bottom:0px;\n}\n.flex_column.av-2km6z-65ed70427831315e084881a96364576b{\nborder-radius:0px 0px 0px 0px;\npadding:30px 30px 30px 30px;\nbackground-color:#ffffff;\n}\n<\/style>\n<div  class='flex_column av-2km6z-65ed70427831315e084881a96364576b av_two_third  avia-builder-el-4  el_before_av_one_third  avia-builder-el-first  first no_margin flex_column_table_cell av-equal-height-column av-align-top  '     ><div  class='av-alb-blogposts template-blog  av-blog-meta-html-info-disabled av-blog-meta-tag-disabled '  itemscope=\"itemscope\" itemtype=\"https:\/\/schema.org\/Blog\" ><article class=\"post-entry post-entry-type-audio post-entry-2096 post-loop-1 post-parity-odd post-entry-last single-big  post-2096 post type-post status-publish format-audio hentry category-fondazione post_format-post-format-audio\"  itemscope=\"itemscope\" itemtype=\"https:\/\/schema.org\/BlogPosting\" ><div class=\"blog-meta\"><\/div><div class='entry-content-wrapper clearfix audio-content'><header class=\"entry-content-header\" aria-label=\"Post: A Proper Perspective On Thanksgiving\"><h2 class='post-title entry-title '  itemprop=\"headline\" ><a href=\"https:\/\/www.sopenasevilla.org\/it\/a-proper-perspective-on-thanksgiving\/\" rel=\"bookmark\" title=\"Link Permanente: A Proper Perspective On Thanksgiving\">A Proper Perspective On Thanksgiving<span class=\"post-format-icon minor-meta\"><\/span><\/a><\/h2><span class=\"post-meta-infos\"><time class=\"date-container minor-meta updated\"  itemprop=\"datePublished\" datetime=\"2020-11-27T13:10:13+01:00\" >27 Novembre 2020<\/time><span class=\"text-sep\">\/<\/span><span class=\"blog-categories minor-meta\">in <a href=\"https:\/\/www.sopenasevilla.org\/it\/fondazione\/\" rel=\"tag\">Fondazione<\/a><\/span><span class=\"text-sep\">\/<\/span><span class=\"blog-author minor-meta\">da <span class=\"entry-author-link\"  itemprop=\"author\" ><span class=\"author\"><span class=\"fn\"><a href=\"https:\/\/www.sopenasevilla.org\/fundacion-dolores-sopena\/\" title=\"Articoli scritti da Fundaci\u00f3n Sope\u00f1a\" rel=\"author\">Fundaci\u00f3n Sope\u00f1a<\/a><\/span><\/span><\/span><\/span><\/span><\/header><div class=\"entry-content\"  itemprop=\"text\" ><p>Donec pede justo, fringilla vel, aliquet nec, vulputate eget, arcu. In enim justo, rhoncus ut, imperdiet a, venenatis vitae, justo. Nullam dictum felis eu pede mollis pretium. Integer tincidunt. Cras [&hellip;]<\/p>\n<div class=\"read-more-link\"><a href=\"https:\/\/www.sopenasevilla.org\/it\/a-proper-perspective-on-thanksgiving\/\" class=\"more-link\">Continua a leggere<span class='more-link-arrow avia-svg-icon avia-font-svg_entypo-fontello' data-av_svg_icon='right-open-big' data-av_iconset='svg_entypo-fontello'><svg version=\"1.1\" xmlns=\"http:\/\/www.w3.org\/2000\/svg\" width=\"15\" height=\"32\" viewBox=\"0 0 15 32\" preserveAspectRatio=\"xMidYMid meet\" role=\"graphics-symbol\" aria-hidden=\"true\">\n<path d=\"M0.416 27.84l11.456-11.84-11.456-11.904q-0.832-0.832 0-1.536 0.832-0.832 1.536 0l12.544 12.608q0.768 0.832 0 1.6l-12.544 12.608q-0.704 0.832-1.536 0-0.832-0.704 0-1.536z\"><\/path>\n<\/svg><\/span><\/a><\/div>\n<\/div><footer class=\"entry-footer\"><\/footer><div class='post_delimiter'><\/div><\/div><div class=\"post_author_timeline\"><\/div><span class='hidden'>\n\t\t\t\t<span class='av-structured-data'  itemprop=\"image\" itemscope=\"itemscope\" itemtype=\"https:\/\/schema.org\/ImageObject\" >\n\t\t\t\t\t\t<span itemprop='url'>https:\/\/www.sopenasevilla.org\/wp-content\/uploads\/2020\/11\/centro-formacion-profesional-sevilla-1.jpg<\/span>\n\t\t\t\t\t\t<span itemprop='height'>0<\/span>\n\t\t\t\t\t\t<span itemprop='width'>0<\/span>\n\t\t\t\t<\/span>\n\t\t\t\t<span class='av-structured-data'  itemprop=\"publisher\" itemtype=\"https:\/\/schema.org\/Organization\" itemscope=\"itemscope\" >\n\t\t\t\t\t\t<span itemprop='name'>Fundaci\u00f3n Sope\u00f1a<\/span>\n\t\t\t\t\t\t<span itemprop='logo' itemscope itemtype='https:\/\/schema.org\/ImageObject'>\n\t\t\t\t\t\t\t<span itemprop='url'>https:\/\/www.sopenasevilla.org\/wp-content\/uploads\/2020\/11\/centro-formacion-profesional-sevilla-1.jpg<\/span>\n\t\t\t\t\t\t<\/span>\n\t\t\t\t<\/span><span class='av-structured-data'  itemprop=\"author\" itemscope=\"itemscope\" itemtype=\"https:\/\/schema.org\/Person\" ><span itemprop='name'>Fundaci\u00f3n Sope\u00f1a<\/span><\/span><span class='av-structured-data'  itemprop=\"datePublished\" datetime=\"2020-11-27T13:10:13+01:00\" >2020-11-27 13:10:13<\/span><span class='av-structured-data'  itemprop=\"dateModified\" itemtype=\"https:\/\/schema.org\/dateModified\" >2024-10-11 14:13:24<\/span><span class='av-structured-data'  itemprop=\"mainEntityOfPage\" itemtype=\"https:\/\/schema.org\/mainEntityOfPage\" ><span itemprop='name'>A Proper Perspective On Thanksgiving<\/span><\/span><\/span><\/article><div class='single-big'><\/div><\/div><\/div>\n<style type=\"text\/css\" data-created_by=\"avia_inline_auto\" id=\"style-css-av-6833-f0cb6737abe201c66c3cedf1ff8cf58d\">\n#top .flex_column_table.av-equal-height-column-flextable.av-6833-f0cb6737abe201c66c3cedf1ff8cf58d{\nmargin-top:-90px;\nmargin-bottom:0px;\n}\n.flex_column.av-6833-f0cb6737abe201c66c3cedf1ff8cf58d{\nborder-radius:0px 0px 0px 0px;\npadding:30px 30px 30px 30px;\nbackground-color:#f0f0f0;\n}\n<\/style>\n<div  class='flex_column av-6833-f0cb6737abe201c66c3cedf1ff8cf58d av_one_third no_margin flex_column_table_cell av-equal-height-column av-align-top  '     ><div  class='avia-builder-widget-area clearfix '><section id=\"search-8\" class=\"widget clearfix widget_search\"><h3 class=\"widgettitle\">Trova informazioni<\/h3>\n<search>\n\t<form action=\"https:\/\/www.sopenasevilla.org\/it\/\" id=\"searchform\" method=\"get\" class=\"av_disable_ajax_search\">\n\t\t<div>\n<span class='av_searchform_search avia-svg-icon avia-font-svg_entypo-fontello' data-av_svg_icon='search' data-av_iconset='svg_entypo-fontello'><svg version=\"1.1\" xmlns=\"http:\/\/www.w3.org\/2000\/svg\" width=\"25\" height=\"32\" viewBox=\"0 0 25 32\" preserveAspectRatio=\"xMidYMid meet\" aria-labelledby='av-svg-title-3' aria-describedby='av-svg-desc-3' role=\"graphics-symbol\" aria-hidden=\"true\">\n<title id='av-svg-title-3'>Search<\/title>\n<desc id='av-svg-desc-3'>Search<\/desc>\n<path d=\"M24.704 24.704q0.96 1.088 0.192 1.984l-1.472 1.472q-1.152 1.024-2.176 0l-6.080-6.080q-2.368 1.344-4.992 1.344-4.096 0-7.136-3.040t-3.040-7.136 2.88-7.008 6.976-2.912 7.168 3.040 3.072 7.136q0 2.816-1.472 5.184zM3.008 13.248q0 2.816 2.176 4.992t4.992 2.176 4.832-2.016 2.016-4.896q0-2.816-2.176-4.96t-4.992-2.144-4.832 2.016-2.016 4.832z\"><\/path>\n<\/svg><\/span>\t\t\t<input type=\"submit\" value=\"\" id=\"searchsubmit\" class=\"button\" title=\"Fare clic per avviare la ricerca\" \/>\n\t\t\t<input type=\"search\" id=\"s\" name=\"s\" value=\"\" aria-label='Cerca' placeholder='Cerca' required \/>\n\t\t<\/div>\n\t<\/form>\n<\/search>\n<span class=\"seperator extralight-border\"><\/span><\/section><section id=\"avia_fb_likebox-5\" class=\"widget clearfix avia-widget-container avia_fb_likebox avia_no_block_preview\"><div class=\"avia-preview-headline\">Enfold Facebook Likebox<\/div><div class=\"avia-preview-info\">Titolo: Seguici su Facebook e Twitter<\/div><div class=\"avia-preview-info\">URL: https:\/\/www.facebook.com\/sopenasevilla<\/div><div class=\"avia-preview-in-front\">Il contenuto \u00e8 reso solo nel frontend.<\/div><span class=\"seperator extralight-border\"><\/span><\/section><section id=\"custom_html-2\" class=\"widget_text widget clearfix widget_custom_html\"><div class=\"textwidget custom-html-widget\"><a href=\"https:\/\/twitter.com\/SopenaSevilla?ref_src=twsrc%5Etfw\" class=\"twitter-follow-button\" data-show-count=\"false\">Follow @SopenaSevilla<\/a><script async src=\"https:\/\/platform.twitter.com\/widgets.js\" charset=\"utf-8\"><\/script><\/div><span class=\"seperator extralight-border\"><\/span><\/section><section id=\"categories-3\" class=\"widget clearfix widget_categories\"><h3 class=\"widgettitle\">Temas de Inter\u00e9s<\/h3><form action=\"https:\/\/www.sopenasevilla.org\/it\/\" method=\"get\"><label class=\"screen-reader-text\" for=\"cat\">Temas de Inter\u00e9s<\/label><select  name='cat' id='cat' class='postform'>\n\t<option value='-1'>Seleziona una categoria<\/option>\n\t<option class=\"level-0\" value=\"17\">Fondazione<\/option>\n<\/select>\n<\/form><script type=\"text\/javascript\">\n\/* <![CDATA[ *\/\n\n( ( dropdownId ) => {\n\tconst dropdown = document.getElementById( dropdownId );\n\tfunction onSelectChange() {\n\t\tsetTimeout( () => {\n\t\t\tif ( 'escape' === dropdown.dataset.lastkey ) {\n\t\t\t\treturn;\n\t\t\t}\n\t\t\tif ( dropdown.value && parseInt( dropdown.value ) > 0 && dropdown instanceof HTMLSelectElement ) {\n\t\t\t\tdropdown.parentElement.submit();\n\t\t\t}\n\t\t}, 250 );\n\t}\n\tfunction onKeyUp( event ) {\n\t\tif ( 'Escape' === event.key ) {\n\t\t\tdropdown.dataset.lastkey = 'escape';\n\t\t} else {\n\t\t\tdelete dropdown.dataset.lastkey;\n\t\t}\n\t}\n\tfunction onClick() {\n\t\tdelete dropdown.dataset.lastkey;\n\t}\n\tdropdown.addEventListener( 'keyup', onKeyUp );\n\tdropdown.addEventListener( 'click', onClick );\n\tdropdown.addEventListener( 'change', onSelectChange );\n})( \"cat\" );\n\n\/\/# sourceURL=WP_Widget_Categories%3A%3Awidget\n\/* ]]> *\/\n<\/script>\n<span class=\"seperator extralight-border\"><\/span><\/section><\/div><\/div><\/div><!--close column table wrapper. Autoclose: 1 -->\n<\/div><\/div><\/div><!-- close content main div --><\/div><\/div><div id='after_section_2'  class='main_color av_default_container_wrap container_wrap sidebar_right'  ><div class='container av-section-cont-open' ><div class='template-page content  av-content-small alpha units'><div class='post-entry post-entry-type-page post-entry-2308'><div class='entry-content-wrapper clearfix'><\/p>\n","protected":false},"excerpt":{"rendered":"","protected":false},"author":1,"featured_media":0,"parent":0,"menu_order":0,"comment_status":"open","ping_status":"open","template":"","meta":{"footnotes":""},"class_list":["post-2308","page","type-page","status-publish","hentry"],"yoast_head":"<!-- This site is optimized with the Yoast SEO Premium plugin v27.4 (Yoast SEO v27.4) - https:\/\/yoast.com\/product\/yoast-seo-premium-wordpress\/ -->\n<title>Blog di notizie della Fondazione Sope\u00f1a di Siviglia<\/title>\n<meta name=\"description\" content=\"Entra e scopri le ultime novit\u00e0 sulle nostre attivit\u00e0 e consigli utili per gli studenti della formazione professionale.\" \/>\n<meta name=\"robots\" content=\"index, follow, max-snippet:-1, max-image-preview:large, max-video-preview:-1\" \/>\n<link rel=\"canonical\" href=\"https:\/\/www.sopenasevilla.org\/it\/notizie\/\" \/>\n<meta property=\"og:locale\" content=\"it_IT\" \/>\n<meta property=\"og:type\" content=\"article\" \/>\n<meta property=\"og:title\" content=\"Blog di notizie della Fondazione Sope\u00f1a di Siviglia\" \/>\n<meta property=\"og:description\" content=\"Entra e scopri le ultime novit\u00e0 sulle nostre attivit\u00e0 e consigli utili per gli studenti della formazione professionale.\" \/>\n<meta property=\"og:url\" content=\"https:\/\/www.sopenasevilla.org\/it\/notizie\/\" \/>\n<meta property=\"og:site_name\" content=\"Centro di formazione professionale a Siviglia\" \/>\n<meta property=\"article:publisher\" content=\"https:\/\/www.facebook.com\/sopenasevilla\/\" \/>\n<meta property=\"article:modified_time\" content=\"2021-03-05T19:42:50+00:00\" \/>\n<meta property=\"og:image\" content=\"https:\/\/www.sopenasevilla.org\/wp-content\/uploads\/2021\/02\/noticias-fundacion-dolores-sopena.jpg\" \/>\n<meta name=\"twitter:card\" content=\"summary_large_image\" \/>\n<meta name=\"twitter:title\" content=\"Notizie\" \/>\n<meta name=\"twitter:site\" content=\"@SopenaSevilla\" \/>\n<script type=\"application\/ld+json\" class=\"yoast-schema-graph\">{\"@context\":\"https:\\\/\\\/schema.org\",\"@graph\":[{\"@type\":\"WebPage\",\"@id\":\"https:\\\/\\\/www.sopenasevilla.org\\\/it\\\/notizie\\\/\",\"url\":\"https:\\\/\\\/www.sopenasevilla.org\\\/it\\\/notizie\\\/\",\"name\":\"Blog di notizie della Fondazione Sope\u00f1a di Siviglia\",\"isPartOf\":{\"@id\":\"https:\\\/\\\/www.sopenasevilla.org\\\/#website\"},\"datePublished\":\"2020-11-27T12:27:20+00:00\",\"dateModified\":\"2021-03-05T19:42:50+00:00\",\"description\":\"Entra e scopri le ultime novit\u00e0 sulle nostre attivit\u00e0 e consigli utili per gli studenti della formazione professionale.\",\"breadcrumb\":{\"@id\":\"https:\\\/\\\/www.sopenasevilla.org\\\/it\\\/notizie\\\/#breadcrumb\"},\"inLanguage\":\"it-IT\",\"potentialAction\":[{\"@type\":\"ReadAction\",\"target\":[\"https:\\\/\\\/www.sopenasevilla.org\\\/it\\\/notizie\\\/\"]}]},{\"@type\":\"BreadcrumbList\",\"@id\":\"https:\\\/\\\/www.sopenasevilla.org\\\/it\\\/notizie\\\/#breadcrumb\",\"itemListElement\":[{\"@type\":\"ListItem\",\"position\":1,\"name\":\"FP Sevilla\",\"item\":\"https:\\\/\\\/www.sopenasevilla.org\\\/it\\\/\"},{\"@type\":\"ListItem\",\"position\":2,\"name\":\"Notizie\"}]},{\"@type\":\"WebSite\",\"@id\":\"https:\\\/\\\/www.sopenasevilla.org\\\/#website\",\"url\":\"https:\\\/\\\/www.sopenasevilla.org\\\/\",\"name\":\"Centro de Formaci\u00f3n Profesional | FP Sevilla\",\"description\":\"La Fondazione Sope\u00f1a \u00e8 un istituto concertato di formazione professionale in cui i cicli di formazione di grado superiore, intermedio e di base vengono insegnati di persona e online\",\"publisher\":{\"@id\":\"https:\\\/\\\/www.sopenasevilla.org\\\/#organization\"},\"alternateName\":\"Sope\u00f1a Sevilla\",\"potentialAction\":[{\"@type\":\"SearchAction\",\"target\":{\"@type\":\"EntryPoint\",\"urlTemplate\":\"https:\\\/\\\/www.sopenasevilla.org\\\/?s={search_term_string}\"},\"query-input\":{\"@type\":\"PropertyValueSpecification\",\"valueRequired\":true,\"valueName\":\"search_term_string\"}}],\"inLanguage\":\"it-IT\"},{\"@type\":\"Organization\",\"@id\":\"https:\\\/\\\/www.sopenasevilla.org\\\/#organization\",\"name\":\"Fundaci\u00f3n Dolores Sope\u00f1a Sevilla\",\"alternateName\":\"Sope\u00f1a Sevilla\",\"url\":\"https:\\\/\\\/www.sopenasevilla.org\\\/\",\"logo\":{\"@type\":\"ImageObject\",\"inLanguage\":\"it-IT\",\"@id\":\"https:\\\/\\\/www.sopenasevilla.org\\\/#\\\/schema\\\/logo\\\/image\\\/\",\"url\":\"https:\\\/\\\/www.sopenasevilla.org\\\/wp-content\\\/uploads\\\/2020\\\/10\\\/fundacion-dolores-sopena-sevilla.jpg\",\"contentUrl\":\"https:\\\/\\\/www.sopenasevilla.org\\\/wp-content\\\/uploads\\\/2020\\\/10\\\/fundacion-dolores-sopena-sevilla.jpg\",\"width\":350,\"height\":128,\"caption\":\"Fundaci\u00f3n Dolores Sope\u00f1a Sevilla\"},\"image\":{\"@id\":\"https:\\\/\\\/www.sopenasevilla.org\\\/#\\\/schema\\\/logo\\\/image\\\/\"},\"sameAs\":[\"https:\\\/\\\/www.facebook.com\\\/sopenasevilla\\\/\",\"https:\\\/\\\/x.com\\\/SopenaSevilla\",\"https:\\\/\\\/www.youtube.com\\\/channel\\\/UCKW0FqYbGrNmm8wrXOG4J3A\",\"https:\\\/\\\/www.instagram.com\\\/sopenasevilla\\\/\"]}]}<\/script>\n<!-- \/ Yoast SEO Premium plugin. -->","yoast_head_json":{"title":"Blog di notizie della Fondazione Sope\u00f1a di Siviglia","description":"Entra e scopri le ultime novit\u00e0 sulle nostre attivit\u00e0 e consigli utili per gli studenti della formazione professionale.","robots":{"index":"index","follow":"follow","max-snippet":"max-snippet:-1","max-image-preview":"max-image-preview:large","max-video-preview":"max-video-preview:-1"},"canonical":"https:\/\/www.sopenasevilla.org\/it\/notizie\/","og_locale":"it_IT","og_type":"article","og_title":"Blog di notizie della Fondazione Sope\u00f1a di Siviglia","og_description":"Entra e scopri le ultime novit\u00e0 sulle nostre attivit\u00e0 e consigli utili per gli studenti della formazione professionale.","og_url":"https:\/\/www.sopenasevilla.org\/it\/notizie\/","og_site_name":"Centro di formazione professionale a Siviglia","article_publisher":"https:\/\/www.facebook.com\/sopenasevilla\/","article_modified_time":"2021-03-05T19:42:50+00:00","og_image":[{"url":"https:\/\/www.sopenasevilla.org\/wp-content\/uploads\/2021\/02\/noticias-fundacion-dolores-sopena.jpg","type":"","width":"","height":""}],"twitter_card":"summary_large_image","twitter_title":"Notizie","twitter_site":"@SopenaSevilla","schema":{"@context":"https:\/\/schema.org","@graph":[{"@type":"WebPage","@id":"https:\/\/www.sopenasevilla.org\/it\/notizie\/","url":"https:\/\/www.sopenasevilla.org\/it\/notizie\/","name":"Blog di notizie della Fondazione Sope\u00f1a di Siviglia","isPartOf":{"@id":"https:\/\/www.sopenasevilla.org\/#website"},"datePublished":"2020-11-27T12:27:20+00:00","dateModified":"2021-03-05T19:42:50+00:00","description":"Entra e scopri le ultime novit\u00e0 sulle nostre attivit\u00e0 e consigli utili per gli studenti della formazione professionale.","breadcrumb":{"@id":"https:\/\/www.sopenasevilla.org\/it\/notizie\/#breadcrumb"},"inLanguage":"it-IT","potentialAction":[{"@type":"ReadAction","target":["https:\/\/www.sopenasevilla.org\/it\/notizie\/"]}]},{"@type":"BreadcrumbList","@id":"https:\/\/www.sopenasevilla.org\/it\/notizie\/#breadcrumb","itemListElement":[{"@type":"ListItem","position":1,"name":"FP Sevilla","item":"https:\/\/www.sopenasevilla.org\/it\/"},{"@type":"ListItem","position":2,"name":"Notizie"}]},{"@type":"WebSite","@id":"https:\/\/www.sopenasevilla.org\/#website","url":"https:\/\/www.sopenasevilla.org\/","name":"Centro de Formaci\u00f3n Profesional | FP Sevilla","description":"La Fondazione Sope\u00f1a \u00e8 un istituto concertato di formazione professionale in cui i cicli di formazione di grado superiore, intermedio e di base vengono insegnati di persona e online","publisher":{"@id":"https:\/\/www.sopenasevilla.org\/#organization"},"alternateName":"Sope\u00f1a Sevilla","potentialAction":[{"@type":"SearchAction","target":{"@type":"EntryPoint","urlTemplate":"https:\/\/www.sopenasevilla.org\/?s={search_term_string}"},"query-input":{"@type":"PropertyValueSpecification","valueRequired":true,"valueName":"search_term_string"}}],"inLanguage":"it-IT"},{"@type":"Organization","@id":"https:\/\/www.sopenasevilla.org\/#organization","name":"Fundaci\u00f3n Dolores Sope\u00f1a Sevilla","alternateName":"Sope\u00f1a Sevilla","url":"https:\/\/www.sopenasevilla.org\/","logo":{"@type":"ImageObject","inLanguage":"it-IT","@id":"https:\/\/www.sopenasevilla.org\/#\/schema\/logo\/image\/","url":"https:\/\/www.sopenasevilla.org\/wp-content\/uploads\/2020\/10\/fundacion-dolores-sopena-sevilla.jpg","contentUrl":"https:\/\/www.sopenasevilla.org\/wp-content\/uploads\/2020\/10\/fundacion-dolores-sopena-sevilla.jpg","width":350,"height":128,"caption":"Fundaci\u00f3n Dolores Sope\u00f1a Sevilla"},"image":{"@id":"https:\/\/www.sopenasevilla.org\/#\/schema\/logo\/image\/"},"sameAs":["https:\/\/www.facebook.com\/sopenasevilla\/","https:\/\/x.com\/SopenaSevilla","https:\/\/www.youtube.com\/channel\/UCKW0FqYbGrNmm8wrXOG4J3A","https:\/\/www.instagram.com\/sopenasevilla\/"]}]}},"_links":{"self":[{"href":"https:\/\/www.sopenasevilla.org\/it\/wp-json\/wp\/v2\/pages\/2308","targetHints":{"allow":["GET"]}}],"collection":[{"href":"https:\/\/www.sopenasevilla.org\/it\/wp-json\/wp\/v2\/pages"}],"about":[{"href":"https:\/\/www.sopenasevilla.org\/it\/wp-json\/wp\/v2\/types\/page"}],"author":[{"embeddable":true,"href":"https:\/\/www.sopenasevilla.org\/it\/wp-json\/wp\/v2\/users\/1"}],"replies":[{"embeddable":true,"href":"https:\/\/www.sopenasevilla.org\/it\/wp-json\/wp\/v2\/comments?post=2308"}],"version-history":[{"count":0,"href":"https:\/\/www.sopenasevilla.org\/it\/wp-json\/wp\/v2\/pages\/2308\/revisions"}],"wp:attachment":[{"href":"https:\/\/www.sopenasevilla.org\/it\/wp-json\/wp\/v2\/media?parent=2308"}],"curies":[{"name":"wp","href":"https:\/\/api.w.org\/{rel}","templated":true}]}}