{"id":2321,"date":"2020-11-27T13:28:19","date_gmt":"2020-11-27T12:28:19","guid":{"rendered":"http:\/\/clipp2.es\/secretaria-virtual\/"},"modified":"2021-03-19T15:39:26","modified_gmt":"2021-03-19T14:39:26","slug":"segretario-virtuale","status":"publish","type":"page","link":"https:\/\/www.sopenasevilla.org\/it\/segretario-virtuale\/","title":{"rendered":"Segretario Virtuale"},"content":{"rendered":"\n<style type=\"text\/css\" data-created_by=\"avia_inline_auto\" id=\"style-css-av-khdvbh5t-0d8fa2e06cb29b5a5ec21cbd236f61a5\">\n.avia-section.av-khdvbh5t-0d8fa2e06cb29b5a5ec21cbd236f61a5{\nbackground-color:#fafafa;\nbackground-image:url(https:\/\/www.sopenasevilla.org\/wp-content\/uploads\/2020\/11\/secretaria-virtual.jpg);\nbackground-repeat:no-repeat;\nbackground-position:50% 50%;\nbackground-attachment:scroll;\n}\n.avia-section.av-khdvbh5t-0d8fa2e06cb29b5a5ec21cbd236f61a5 .av-section-color-overlay{\nopacity:0.5;\nbackground-color:#fafafa;\n}\n<\/style>\n<div id='av_section_1'  class='avia-section av-khdvbh5t-0d8fa2e06cb29b5a5ec21cbd236f61a5 main_color avia-section-large avia-no-border-styling  avia-builder-el-0  el_before_av_section  avia-builder-el-first  avia-bg-style-scroll av-section-color-overlay-active av-minimum-height av-minimum-height-25 av-height-25  container_wrap sidebar_right'  data-section-bg-repeat='no-repeat' data-av_minimum_height_pc='25' data-av_min_height_opt='25'><div class=\"av-section-color-overlay-wrap\"><div class=\"av-section-color-overlay\"><\/div><div class='container av-section-cont-open' ><main  role=\"main\" itemprop=\"mainContentOfPage\"  class='template-page content  av-content-small alpha units'><div class='post-entry post-entry-type-page post-entry-2321'><div class='entry-content-wrapper clearfix'>\n\n<style type=\"text\/css\" data-created_by=\"avia_inline_auto\" id=\"style-css-av-rmcpp-316d3f9002ebf4242cfc5327cab692ac\">\n.flex_column.av-rmcpp-316d3f9002ebf4242cfc5327cab692ac{\nborder-radius:0px 0px 0px 0px;\npadding:0px 0px 0px 0px;\n}\n<\/style>\n<div  class='flex_column av-rmcpp-316d3f9002ebf4242cfc5327cab692ac av_one_fifth  avia-builder-el-1  el_before_av_three_fifth  avia-builder-el-first  first flex_column_div av-zero-column-padding  '     ><\/div>\n<style type=\"text\/css\" data-created_by=\"avia_inline_auto\" id=\"style-css-av-jqpal-ca6b16ecf6450105280f4e0082547710\">\n.flex_column.av-jqpal-ca6b16ecf6450105280f4e0082547710{\nborder-radius:0px 0px 0px 0px;\npadding:0px 0px 0px 0px;\n}\n<\/style>\n<div  class='flex_column av-jqpal-ca6b16ecf6450105280f4e0082547710 av_three_fifth  avia-builder-el-2  el_after_av_one_fifth  el_before_av_one_fifth  flex_column_div av-zero-column-padding  '     ><section  class='av_textblock_section av-e9wh0-5bf1ae5239c61f85fd970d450a1758de '   itemscope=\"itemscope\" itemtype=\"https:\/\/schema.org\/CreativeWork\" ><div class='avia_textblock'  itemprop=\"text\" ><p style=\"text-align: center;\"><span style=\"color: #000000; font-size: 24pt;\">\u2756<\/span><\/p>\n<\/div><\/section><\/div>\n<style type=\"text\/css\" data-created_by=\"avia_inline_auto\" id=\"style-css-av-clbv1-131b3c4c8ac948c1b2691d6d30f5d733\">\n.flex_column.av-clbv1-131b3c4c8ac948c1b2691d6d30f5d733{\nborder-radius:0px 0px 0px 0px;\npadding:0px 0px 0px 0px;\n}\n<\/style>\n<div  class='flex_column av-clbv1-131b3c4c8ac948c1b2691d6d30f5d733 av_one_fifth  avia-builder-el-4  el_after_av_three_fifth  avia-builder-el-last  flex_column_div av-zero-column-padding  '     ><\/div>\n\n<\/div><\/div><\/main><!-- close content main element --><\/div><\/div><\/div><div id='av_section_2'  class='avia-section av-ydvot-bd5afa420d1a37d0a533fa1b7b1056f9 main_color avia-section-default avia-no-border-styling  avia-builder-el-5  el_after_av_section  avia-builder-el-last  avia-bg-style-scroll container_wrap sidebar_right'  ><div class='container av-section-cont-open' ><div class='template-page content  av-content-small alpha units'><div class='post-entry post-entry-type-page post-entry-2321'><div class='entry-content-wrapper clearfix'>\n\n<style type=\"text\/css\" data-created_by=\"avia_inline_auto\" id=\"style-css-av-khdy7jdh-e9c22e139217d1dae05cc7650fcc39da\">\n#top .flex_column.av-khdy7jdh-e9c22e139217d1dae05cc7650fcc39da{\nmargin-top:-90px;\nmargin-bottom:0px;\n}\n.flex_column.av-khdy7jdh-e9c22e139217d1dae05cc7650fcc39da{\nborder-radius:0px 0px 0px 0px;\npadding:30px 30px 30px 30px;\nbackground-color:#ffffff;\n}\n.responsive #top #wrap_all .flex_column.av-khdy7jdh-e9c22e139217d1dae05cc7650fcc39da{\nmargin-top:-90px;\nmargin-bottom:0px;\n}\n<\/style>\n<div  class='flex_column av-khdy7jdh-e9c22e139217d1dae05cc7650fcc39da av_one_full  avia-builder-el-6  el_before_av_one_fifth  avia-builder-el-first  first flex_column_div  '     ><p>\n<style type=\"text\/css\" data-created_by=\"avia_inline_auto\" id=\"style-css-av-g72ps-64dc68b08689e52fb8a256524c016532\">\n#top .av-special-heading.av-g72ps-64dc68b08689e52fb8a256524c016532{\npadding-bottom:10px;\nfont-size:30px;\n}\nbody .av-special-heading.av-g72ps-64dc68b08689e52fb8a256524c016532 .av-special-heading-tag .heading-char{\nfont-size:25px;\n}\n#top #wrap_all .av-special-heading.av-g72ps-64dc68b08689e52fb8a256524c016532 .av-special-heading-tag{\nfont-size:30px;\n}\n.av-special-heading.av-g72ps-64dc68b08689e52fb8a256524c016532 .av-subheading{\nfont-size:15px;\n}\n\n@media only screen and (min-width: 480px) and (max-width: 767px){ \n#top #wrap_all .av-special-heading.av-g72ps-64dc68b08689e52fb8a256524c016532 .av-special-heading-tag{\nfont-size:0.8em;\n}\n}\n\n@media only screen and (max-width: 479px){ \n#top #wrap_all .av-special-heading.av-g72ps-64dc68b08689e52fb8a256524c016532 .av-special-heading-tag{\nfont-size:0.8em;\n}\n}\n<\/style>\n<div  class='av-special-heading av-g72ps-64dc68b08689e52fb8a256524c016532 av-special-heading-h1 blockquote modern-quote modern-centered  avia-builder-el-7  el_before_av_textblock  avia-builder-el-first  av-inherit-size'><h1 class='av-special-heading-tag '  itemprop=\"headline\"  >Segreteria Virtuale Scuola Sope\u00f1a di Siviglia<\/h1><div class=\"special-heading-border\"><div class=\"special-heading-inner-border\"><\/div><\/div><\/div><br \/>\n<section  class='av_textblock_section av-e9wh0-5bf1ae5239c61f85fd970d450a1758de '   itemscope=\"itemscope\" itemtype=\"https:\/\/schema.org\/CreativeWork\" ><div class='avia_textblock'  itemprop=\"text\" ><p style=\"text-align: center;\"><span style=\"color: #ee7402; font-size: 12pt;\">\u2756<\/span><\/p>\n<\/div><\/section><br \/>\n<section  class='av_textblock_section av-khudv47t-93e18ced01f10570dafb12be4b456885 '   itemscope=\"itemscope\" itemtype=\"https:\/\/schema.org\/CreativeWork\" ><div class='avia_textblock'  itemprop=\"text\" ><p style=\"text-align: center;\">Compila il seguente modulo per richiedere richieste di segreteria, ti risponderemo il prima possibile.<\/p>\n<\/div><\/section><\/p><\/div><div class='flex_column_table av-khdy7jdh-3814cbf1968e11ff12088eb7ff0ca280 sc-av_one_fifth av-equal-height-column-flextable'>\n<style type=\"text\/css\" data-created_by=\"avia_inline_auto\" id=\"style-css-av-khdy7jdh-3814cbf1968e11ff12088eb7ff0ca280\">\n#top .flex_column_table.av-equal-height-column-flextable.av-khdy7jdh-3814cbf1968e11ff12088eb7ff0ca280{\nmargin-top:-20px;\nmargin-bottom:0px;\n}\n.flex_column.av-khdy7jdh-3814cbf1968e11ff12088eb7ff0ca280{\nborder-radius:0px 0px 0px 0px;\npadding:30px 30px 30px 30px;\nbackground-color:#ffffff;\n}\n<\/style>\n<div  class='flex_column av-khdy7jdh-3814cbf1968e11ff12088eb7ff0ca280 av_one_fifth  avia-builder-el-10  el_after_av_one_full  el_before_av_three_fifth  first no_margin flex_column_table_cell av-equal-height-column av-align-top  column-top-margin'     ><\/div>\n<style type=\"text\/css\" data-created_by=\"avia_inline_auto\" id=\"style-css-av-khdy7jdh-47e49b07b8fb3ea9feb5cd27c93655dd\">\n#top .flex_column_table.av-equal-height-column-flextable.av-khdy7jdh-47e49b07b8fb3ea9feb5cd27c93655dd{\nmargin-top:-20px;\nmargin-bottom:0px;\n}\n.flex_column.av-khdy7jdh-47e49b07b8fb3ea9feb5cd27c93655dd{\nborder-radius:0px 0px 0px 0px;\npadding:30px 30px 30px 30px;\nbackground-color:#ffffff;\n}\n<\/style>\n<div  class='flex_column av-khdy7jdh-47e49b07b8fb3ea9feb5cd27c93655dd av_three_fifth  avia-builder-el-11  el_after_av_one_fifth  el_before_av_one_fifth  no_margin flex_column_table_cell av-equal-height-column av-align-top  column-top-margin'     ><form action=\"https:\/\/www.sopenasevilla.org\/it\/segretario-virtuale\/\" method=\"post\" data-fields-with-error=\"Sono stati riscontrati errori nei seguenti campi:\" class=\"avia_ajax_form av-form-labels-visible   avia-builder-el-12  avia-builder-el-no-sibling   \" data-avia-form-id=\"1\" data-avia-redirect='' ><fieldset><p class='  first_form  form_element form_fullwidth' id='element_avia_1_1'><label for=\"avia_1_1\">Nome e cognome <abbr class=\"required\" title=\"richiesto\">*<\/abbr><\/label> <input name=\"avia_1_1\" class=\"text_input is_empty\" type=\"text\" id=\"avia_1_1\" value=\"\" \/><\/p><p class='  first_form  form_element form_element_half' id='element_avia_2_1'><label for=\"avia_2_1\">Carta d\u2019identit\u00e0 <abbr class=\"required\" title=\"richiesto\">*<\/abbr><\/label> <input name=\"avia_2_1\" class=\"text_input is_empty\" type=\"text\" id=\"avia_2_1\" value=\"\" \/><\/p><p class='  form_element form_element_half' id='element_avia_3_1'><label for=\"avia_3_1\">Telefono <abbr class=\"required\" title=\"richiesto\">*<\/abbr><\/label> <input name=\"avia_3_1\" class=\"text_input is_phone\" type=\"text\" id=\"avia_3_1\" value=\"\" \/><\/p><p class='  first_form  form_element form_fullwidth' id='element_avia_4_1'><label for=\"avia_4_1\">E-mail <abbr class=\"required\" title=\"richiesto\">*<\/abbr><\/label> <input name=\"avia_4_1\" class=\"text_input is_email\" type=\"text\" id=\"avia_4_1\" value=\"\" \/><\/p><p class='  first_form  form_element form_fullwidth' id='element_avia_5_1'><label for=\"avia_5_1\">Indirizzo corrente <abbr class=\"required\" title=\"richiesto\">*<\/abbr><\/label> <input name=\"avia_5_1\" class=\"text_input is_empty\" type=\"text\" id=\"avia_5_1\" value=\"\" \/><\/p><p class='  first_form  form_element form_element_half' id='element_avia_6_1'><label for=\"avia_6_1\">Citt\u00e0 cittadina <abbr class=\"required\" title=\"richiesto\">*<\/abbr><\/label> <input name=\"avia_6_1\" class=\"text_input is_empty\" type=\"text\" id=\"avia_6_1\" value=\"\" \/><\/p><p class='  form_element form_element_half' id='element_avia_7_1'><label for=\"avia_7_1\">Provincia <abbr class=\"required\" title=\"richiesto\">*<\/abbr><\/label> <input name=\"avia_7_1\" class=\"text_input is_empty\" type=\"text\" id=\"avia_7_1\" value=\"\" \/><\/p><p class='  first_form  form_element form_fullwidth' id='element_avia_8_1'><label for=\"avia_8_1\">Scuola <abbr class=\"required\" title=\"richiesto\">*<\/abbr><\/label><select  name=\"avia_8_1\" class=\"select is_empty\" id=\"avia_8_1\"><option   value='Sope\u00f1a'>Sope\u00f1a<\/option><option   value='Sope\u00f1a San Pablo'>Sope\u00f1a San Pablo<\/option><\/select><\/p><p class='  first_form  form_element form_fullwidth' id='element_avia_9_1'><label for=\"avia_9_1\">Specialit\u00e0 per studenti <abbr class=\"required\" title=\"richiesto\">*<\/abbr><\/label> <input name=\"avia_9_1\" class=\"text_input is_empty\" type=\"text\" id=\"avia_9_1\" value=\"\" \/><\/p><p class='  first_form  form_element form_fullwidth' id='element_avia_10_1'><label for=\"avia_10_1\">Corso ccademico <abbr class=\"required\" title=\"richiesto\">*<\/abbr><\/label> <input name=\"avia_10_1\" class=\"text_input is_empty\" type=\"text\" id=\"avia_10_1\" value=\"\" \/><\/p><p class='  first_form  form_element form_fullwidth' id='element_avia_11_1'><label for=\"avia_11_1\" class=\"textare_label hidden textare_label_avia_11_1\">Esponi la domanda <abbr class=\"required\" title=\"richiesto\">*<\/abbr><\/label><textarea  name=\"avia_11_1\" class=\"text_area is_empty\" cols=\"40\" rows=\"7\" id=\"avia_11_1\" ><\/textarea><\/p><p class='  first_form  form_element form_fullwidth' id='element_avia_12_1'><label for=\"avia_12_1\" class=\"textare_label hidden textare_label_avia_12_1\">Per quanto richiesto <abbr class=\"required\" title=\"richiesto\">*<\/abbr><\/label><textarea  name=\"avia_12_1\" class=\"text_area is_empty\" cols=\"40\" rows=\"7\" id=\"avia_12_1\" ><\/textarea><\/p><p class=\"hidden\"><input type=\"text\" name=\"avia_13_1\" class=\"hidden \" id=\"avia_13_1\" value=\"\" \/><\/p><div id='avia_14_1' class='av-recaptcha-area  first_form  form_element form_fullwidth av-last-visible-form-element '  data-container_class=\"\" data-custom_class=\"\" data-context=\"av_contact_form\" data-token_input=\"av_recaptcha_token\" data-version=\"avia_recaptcha_v3\" data-theme=\"light\" data-size=\"normal\" data-score=\"0.5\" data-text_to_preview=\"\" data-value=\"\"><div class=\"av-google-badge-message hidden\">Questo sito \u00e8 protetto da reCAPTCHA e si applicano i termini di servizio di Google <a href=\"https:\/\/policies.google.com\/privacy\" target=\"_blank\" rel=\"noopener noreferrer\">Privacy Policy<\/a> e <a href=\"https:\/\/policies.google.com\/terms\" target=\"_blank\" rel=\"noopener noreferrer\">Termini di servizio<\/a><\/div><\/div><p class=' av_form_privacy_check av_contact_privacy_check first_form  form_element form_fullwidth' id='element_avia_15_1'><input  name=\"avia_15_1\" class=\"input_checkbox is_empty\" type=\"checkbox\" id=\"avia_15_1\" value=\"true\"\/><label class=\"input_checkbox_label\" for=\"avia_15_1\"><span style=\"font-size: 12pt;\">Inviando <a href='https:\/\/www.sopenasevilla.org\/politica-privacidad\/' target='_blank'> accetti le norme sulla privacy<\/a><\/span> <abbr class=\"required\" title=\"richiesto\">*<\/abbr><\/label><\/p><p class=\"form_element \"><input type=\"hidden\" value=\"1\" name=\"avia_generated_form1\" \/><input type=\"submit\" value=\"Invia\" class=\"button\"  data-sending-label=\"Invio\"\/><\/p><\/fieldset><div class=\"avia-disabled-form\">Questo modulo di contatto \u00e8 disattivato perch\u00e9 l&rsquo;utente ha rifiutato di accettare il servizio Google reCaptcha, necessario per convalidare i messaggi inviati dal modulo.<\/div><\/form><div id=\"ajaxresponse_1\" class=\"ajaxresponse ajaxresponse_1 hidden\"><\/div><\/div>\n<style type=\"text\/css\" data-created_by=\"avia_inline_auto\" id=\"style-css-av-khdy7jdh-47e49b07b8fb3ea9feb5cd27c93655dd\">\n#top .flex_column_table.av-equal-height-column-flextable.av-khdy7jdh-47e49b07b8fb3ea9feb5cd27c93655dd{\nmargin-top:-20px;\nmargin-bottom:0px;\n}\n.flex_column.av-khdy7jdh-47e49b07b8fb3ea9feb5cd27c93655dd{\nborder-radius:0px 0px 0px 0px;\npadding:30px 30px 30px 30px;\nbackground-color:#ffffff;\n}\n<\/style>\n<div  class='flex_column av-khdy7jdh-47e49b07b8fb3ea9feb5cd27c93655dd av_one_fifth  avia-builder-el-13  el_after_av_three_fifth  avia-builder-el-last  no_margin flex_column_table_cell av-equal-height-column av-align-top  column-top-margin'     ><\/div><\/div><!--close column table wrapper. Autoclose: 1 --><\/div><\/div><\/div><!-- close content main div --><\/div><\/div><div id='after_section_2'  class='main_color av_default_container_wrap container_wrap sidebar_right'  ><div class='container av-section-cont-open' ><div class='template-page content  av-content-small alpha units'><div class='post-entry post-entry-type-page post-entry-2321'><div class='entry-content-wrapper clearfix'>\n","protected":false},"excerpt":{"rendered":"","protected":false},"author":1,"featured_media":0,"parent":0,"menu_order":0,"comment_status":"closed","ping_status":"closed","template":"","meta":{"footnotes":""},"class_list":["post-2321","page","type-page","status-publish","hentry"],"yoast_head":"<!-- This site is optimized with the Yoast SEO Premium plugin v27.4 (Yoast SEO v27.4) - https:\/\/yoast.com\/product\/yoast-seo-premium-wordpress\/ -->\n<title>Segretario Virtuale -<\/title>\n<meta name=\"robots\" content=\"noindex, nofollow\" \/>\n<meta property=\"og:locale\" content=\"it_IT\" \/>\n<meta property=\"og:type\" content=\"article\" \/>\n<meta property=\"og:title\" content=\"Segretario Virtuale\" \/>\n<meta property=\"og:url\" content=\"https:\/\/www.sopenasevilla.org\/it\/segretario-virtuale\/\" \/>\n<meta property=\"og:site_name\" content=\"Centro di formazione professionale a Siviglia\" \/>\n<meta property=\"article:publisher\" content=\"https:\/\/www.facebook.com\/sopenasevilla\/\" \/>\n<meta property=\"article:modified_time\" content=\"2021-03-19T14:39:26+00:00\" \/>\n<meta property=\"og:image\" content=\"https:\/\/www.sopenasevilla.org\/wp-content\/uploads\/2021\/02\/fundacion-dolores-sopena.jpg\" \/>\n\t<meta property=\"og:image:width\" content=\"850\" \/>\n\t<meta property=\"og:image:height\" content=\"478\" \/>\n\t<meta property=\"og:image:type\" content=\"image\/jpeg\" \/>\n<meta name=\"twitter:card\" content=\"summary_large_image\" \/>\n<meta name=\"twitter:site\" content=\"@SopenaSevilla\" \/>\n<script type=\"application\/ld+json\" class=\"yoast-schema-graph\">{\"@context\":\"https:\\\/\\\/schema.org\",\"@graph\":[{\"@type\":\"WebPage\",\"@id\":\"https:\\\/\\\/www.sopenasevilla.org\\\/it\\\/segretario-virtuale\\\/\",\"url\":\"https:\\\/\\\/www.sopenasevilla.org\\\/it\\\/segretario-virtuale\\\/\",\"name\":\"Segretario Virtuale -\",\"isPartOf\":{\"@id\":\"https:\\\/\\\/www.sopenasevilla.org\\\/#website\"},\"datePublished\":\"2020-11-27T12:28:19+00:00\",\"dateModified\":\"2021-03-19T14:39:26+00:00\",\"breadcrumb\":{\"@id\":\"https:\\\/\\\/www.sopenasevilla.org\\\/it\\\/segretario-virtuale\\\/#breadcrumb\"},\"inLanguage\":\"it-IT\",\"potentialAction\":[{\"@type\":\"ReadAction\",\"target\":[\"https:\\\/\\\/www.sopenasevilla.org\\\/it\\\/segretario-virtuale\\\/\"]}]},{\"@type\":\"BreadcrumbList\",\"@id\":\"https:\\\/\\\/www.sopenasevilla.org\\\/it\\\/segretario-virtuale\\\/#breadcrumb\",\"itemListElement\":[{\"@type\":\"ListItem\",\"position\":1,\"name\":\"FP Sevilla\",\"item\":\"https:\\\/\\\/www.sopenasevilla.org\\\/it\\\/\"},{\"@type\":\"ListItem\",\"position\":2,\"name\":\"Segretario Virtuale\"}]},{\"@type\":\"WebSite\",\"@id\":\"https:\\\/\\\/www.sopenasevilla.org\\\/#website\",\"url\":\"https:\\\/\\\/www.sopenasevilla.org\\\/\",\"name\":\"Centro de Formaci\u00f3n Profesional | FP Sevilla\",\"description\":\"La Fondazione Sope\u00f1a \u00e8 un istituto concertato di formazione professionale in cui i cicli di formazione di grado superiore, intermedio e di base vengono insegnati di persona e online\",\"publisher\":{\"@id\":\"https:\\\/\\\/www.sopenasevilla.org\\\/#organization\"},\"alternateName\":\"Sope\u00f1a Sevilla\",\"potentialAction\":[{\"@type\":\"SearchAction\",\"target\":{\"@type\":\"EntryPoint\",\"urlTemplate\":\"https:\\\/\\\/www.sopenasevilla.org\\\/?s={search_term_string}\"},\"query-input\":{\"@type\":\"PropertyValueSpecification\",\"valueRequired\":true,\"valueName\":\"search_term_string\"}}],\"inLanguage\":\"it-IT\"},{\"@type\":\"Organization\",\"@id\":\"https:\\\/\\\/www.sopenasevilla.org\\\/#organization\",\"name\":\"Fundaci\u00f3n Dolores Sope\u00f1a Sevilla\",\"alternateName\":\"Sope\u00f1a Sevilla\",\"url\":\"https:\\\/\\\/www.sopenasevilla.org\\\/\",\"logo\":{\"@type\":\"ImageObject\",\"inLanguage\":\"it-IT\",\"@id\":\"https:\\\/\\\/www.sopenasevilla.org\\\/#\\\/schema\\\/logo\\\/image\\\/\",\"url\":\"https:\\\/\\\/www.sopenasevilla.org\\\/wp-content\\\/uploads\\\/2020\\\/10\\\/fundacion-dolores-sopena-sevilla.jpg\",\"contentUrl\":\"https:\\\/\\\/www.sopenasevilla.org\\\/wp-content\\\/uploads\\\/2020\\\/10\\\/fundacion-dolores-sopena-sevilla.jpg\",\"width\":350,\"height\":128,\"caption\":\"Fundaci\u00f3n Dolores Sope\u00f1a Sevilla\"},\"image\":{\"@id\":\"https:\\\/\\\/www.sopenasevilla.org\\\/#\\\/schema\\\/logo\\\/image\\\/\"},\"sameAs\":[\"https:\\\/\\\/www.facebook.com\\\/sopenasevilla\\\/\",\"https:\\\/\\\/x.com\\\/SopenaSevilla\",\"https:\\\/\\\/www.youtube.com\\\/channel\\\/UCKW0FqYbGrNmm8wrXOG4J3A\",\"https:\\\/\\\/www.instagram.com\\\/sopenasevilla\\\/\"]}]}<\/script>\n<!-- \/ Yoast SEO Premium plugin. -->","yoast_head_json":{"title":"Segretario Virtuale -","robots":{"index":"noindex","follow":"nofollow"},"og_locale":"it_IT","og_type":"article","og_title":"Segretario Virtuale","og_url":"https:\/\/www.sopenasevilla.org\/it\/segretario-virtuale\/","og_site_name":"Centro di formazione professionale a Siviglia","article_publisher":"https:\/\/www.facebook.com\/sopenasevilla\/","article_modified_time":"2021-03-19T14:39:26+00:00","og_image":[{"width":850,"height":478,"url":"https:\/\/www.sopenasevilla.org\/wp-content\/uploads\/2021\/02\/fundacion-dolores-sopena.jpg","type":"image\/jpeg"}],"twitter_card":"summary_large_image","twitter_site":"@SopenaSevilla","schema":{"@context":"https:\/\/schema.org","@graph":[{"@type":"WebPage","@id":"https:\/\/www.sopenasevilla.org\/it\/segretario-virtuale\/","url":"https:\/\/www.sopenasevilla.org\/it\/segretario-virtuale\/","name":"Segretario Virtuale -","isPartOf":{"@id":"https:\/\/www.sopenasevilla.org\/#website"},"datePublished":"2020-11-27T12:28:19+00:00","dateModified":"2021-03-19T14:39:26+00:00","breadcrumb":{"@id":"https:\/\/www.sopenasevilla.org\/it\/segretario-virtuale\/#breadcrumb"},"inLanguage":"it-IT","potentialAction":[{"@type":"ReadAction","target":["https:\/\/www.sopenasevilla.org\/it\/segretario-virtuale\/"]}]},{"@type":"BreadcrumbList","@id":"https:\/\/www.sopenasevilla.org\/it\/segretario-virtuale\/#breadcrumb","itemListElement":[{"@type":"ListItem","position":1,"name":"FP Sevilla","item":"https:\/\/www.sopenasevilla.org\/it\/"},{"@type":"ListItem","position":2,"name":"Segretario Virtuale"}]},{"@type":"WebSite","@id":"https:\/\/www.sopenasevilla.org\/#website","url":"https:\/\/www.sopenasevilla.org\/","name":"Centro de Formaci\u00f3n Profesional | FP Sevilla","description":"La Fondazione Sope\u00f1a \u00e8 un istituto concertato di formazione professionale in cui i cicli di formazione di grado superiore, intermedio e di base vengono insegnati di persona e online","publisher":{"@id":"https:\/\/www.sopenasevilla.org\/#organization"},"alternateName":"Sope\u00f1a Sevilla","potentialAction":[{"@type":"SearchAction","target":{"@type":"EntryPoint","urlTemplate":"https:\/\/www.sopenasevilla.org\/?s={search_term_string}"},"query-input":{"@type":"PropertyValueSpecification","valueRequired":true,"valueName":"search_term_string"}}],"inLanguage":"it-IT"},{"@type":"Organization","@id":"https:\/\/www.sopenasevilla.org\/#organization","name":"Fundaci\u00f3n Dolores Sope\u00f1a Sevilla","alternateName":"Sope\u00f1a Sevilla","url":"https:\/\/www.sopenasevilla.org\/","logo":{"@type":"ImageObject","inLanguage":"it-IT","@id":"https:\/\/www.sopenasevilla.org\/#\/schema\/logo\/image\/","url":"https:\/\/www.sopenasevilla.org\/wp-content\/uploads\/2020\/10\/fundacion-dolores-sopena-sevilla.jpg","contentUrl":"https:\/\/www.sopenasevilla.org\/wp-content\/uploads\/2020\/10\/fundacion-dolores-sopena-sevilla.jpg","width":350,"height":128,"caption":"Fundaci\u00f3n Dolores Sope\u00f1a Sevilla"},"image":{"@id":"https:\/\/www.sopenasevilla.org\/#\/schema\/logo\/image\/"},"sameAs":["https:\/\/www.facebook.com\/sopenasevilla\/","https:\/\/x.com\/SopenaSevilla","https:\/\/www.youtube.com\/channel\/UCKW0FqYbGrNmm8wrXOG4J3A","https:\/\/www.instagram.com\/sopenasevilla\/"]}]}},"_links":{"self":[{"href":"https:\/\/www.sopenasevilla.org\/it\/wp-json\/wp\/v2\/pages\/2321","targetHints":{"allow":["GET"]}}],"collection":[{"href":"https:\/\/www.sopenasevilla.org\/it\/wp-json\/wp\/v2\/pages"}],"about":[{"href":"https:\/\/www.sopenasevilla.org\/it\/wp-json\/wp\/v2\/types\/page"}],"author":[{"embeddable":true,"href":"https:\/\/www.sopenasevilla.org\/it\/wp-json\/wp\/v2\/users\/1"}],"replies":[{"embeddable":true,"href":"https:\/\/www.sopenasevilla.org\/it\/wp-json\/wp\/v2\/comments?post=2321"}],"version-history":[{"count":0,"href":"https:\/\/www.sopenasevilla.org\/it\/wp-json\/wp\/v2\/pages\/2321\/revisions"}],"wp:attachment":[{"href":"https:\/\/www.sopenasevilla.org\/it\/wp-json\/wp\/v2\/media?parent=2321"}],"curies":[{"name":"wp","href":"https:\/\/api.w.org\/{rel}","templated":true}]}}